{"id":3473,"date":"2022-04-29T16:30:26","date_gmt":"2022-04-29T14:30:26","guid":{"rendered":"https:\/\/non-stopshop.eu\/sk\/?post_type=product&#038;p=3473"},"modified":"2023-04-13T11:43:25","modified_gmt":"2023-04-13T09:43:25","slug":"mosadzny-konektor-akumulatorovej-baterie-2","status":"publish","type":"product","link":"https:\/\/non-stopshop.eu\/sk\/produkt\/mosadzny-konektor-akumulatorovej-baterie-2\/","title":{"rendered":"Mosadzn\u00fd konektor akumul\u00e1torovej bat\u00e9rie"},"content":{"rendered":"<p>Svorka k\u00e1bla autobat\u00e9rie, nap\u00e1jac\u00ed konektor, stabiln\u00fd pr\u00fad a ochrana bat\u00e9rie.<\/p>\n","protected":false},"excerpt":{"rendered":"<p id=\"tw-target-text\" class=\"tw-data-text tw-text-large tw-ta\" dir=\"ltr\" data-placeholder=\"Prijevod\">Svorka k\u00e1bla autobat\u00e9rie, nap\u00e1jac\u00ed konektor, stabiln\u00fd pr\u00fad a ochrana bat\u00e9rie.<\/p>\n","protected":false},"featured_media":3477,"comment_status":"closed","ping_status":"closed","template":"","meta":{"inline_featured_image":false},"product_brand":[],"product_cat":[15,25,27],"product_tag":[],"class_list":{"0":"post-3473","1":"product","2":"type-product","3":"status-publish","4":"has-post-thumbnail","6":"product_cat-uncategorized","7":"product_cat-car","8":"product_cat-home","10":"first","11":"instock","12":"sale","13":"taxable","14":"shipping-taxable","15":"purchasable","16":"product-type-simple"},"acf":[],"_links":{"self":[{"href":"https:\/\/non-stopshop.eu\/sk\/wp-json\/wp\/v2\/product\/3473","targetHints":{"allow":["GET"]}}],"collection":[{"href":"https:\/\/non-stopshop.eu\/sk\/wp-json\/wp\/v2\/product"}],"about":[{"href":"https:\/\/non-stopshop.eu\/sk\/wp-json\/wp\/v2\/types\/product"}],"replies":[{"embeddable":true,"href":"https:\/\/non-stopshop.eu\/sk\/wp-json\/wp\/v2\/comments?post=3473"}],"wp:featuredmedia":[{"embeddable":true,"href":"https:\/\/non-stopshop.eu\/sk\/wp-json\/wp\/v2\/media\/3477"}],"wp:attachment":[{"href":"https:\/\/non-stopshop.eu\/sk\/wp-json\/wp\/v2\/media?parent=3473"}],"wp:term":[{"taxonomy":"product_brand","embeddable":true,"href":"https:\/\/non-stopshop.eu\/sk\/wp-json\/wp\/v2\/product_brand?post=3473"},{"taxonomy":"product_cat","embeddable":true,"href":"https:\/\/non-stopshop.eu\/sk\/wp-json\/wp\/v2\/product_cat?post=3473"},{"taxonomy":"product_tag","embeddable":true,"href":"https:\/\/non-stopshop.eu\/sk\/wp-json\/wp\/v2\/product_tag?post=3473"}],"curies":[{"name":"wp","href":"https:\/\/api.w.org\/{rel}","templated":true}]}}