{"id":3572,"date":"2022-05-09T11:44:49","date_gmt":"2022-05-09T09:44:49","guid":{"rendered":"https:\/\/non-stopshop.eu\/sk\/?post_type=product&#038;p=3572"},"modified":"2022-06-09T15:18:11","modified_gmt":"2022-06-09T13:18:11","slug":"5-kusu-sada-rybarskych-navnad","status":"publish","type":"product","link":"https:\/\/non-stopshop.eu\/sk\/produkt\/5-kusu-sada-rybarskych-navnad\/","title":{"rendered":"5 kus\u016f \u2013 Sada ryb\u00e1\u0159sk\u00fdch n\u00e1vnad"},"content":{"rendered":"","protected":false},"excerpt":{"rendered":"<p>Design n\u00e1vnady je navr\u017een tak, aby m\u011bl realistick\u00fd vzhled a plaveck\u00fd v\u00fdkon jako skute\u010dn\u00e1 n\u00e1vnada. Ryby v\u0161ech velikost\u00ed na n\u011b rychle za\u00fato\u010d\u00ed!<\/p>\n<p>&nbsp;<\/p>\n","protected":false},"featured_media":3573,"comment_status":"closed","ping_status":"closed","template":"","meta":{"inline_featured_image":false},"product_brand":[],"product_cat":[15],"product_tag":[],"class_list":{"0":"post-3572","1":"product","2":"type-product","3":"status-publish","4":"has-post-thumbnail","6":"product_cat-uncategorized","8":"first","9":"instock","10":"sale","11":"taxable","12":"shipping-taxable","13":"purchasable","14":"product-type-simple"},"acf":[],"_links":{"self":[{"href":"https:\/\/non-stopshop.eu\/sk\/wp-json\/wp\/v2\/product\/3572","targetHints":{"allow":["GET"]}}],"collection":[{"href":"https:\/\/non-stopshop.eu\/sk\/wp-json\/wp\/v2\/product"}],"about":[{"href":"https:\/\/non-stopshop.eu\/sk\/wp-json\/wp\/v2\/types\/product"}],"replies":[{"embeddable":true,"href":"https:\/\/non-stopshop.eu\/sk\/wp-json\/wp\/v2\/comments?post=3572"}],"wp:featuredmedia":[{"embeddable":true,"href":"https:\/\/non-stopshop.eu\/sk\/wp-json\/wp\/v2\/media\/3573"}],"wp:attachment":[{"href":"https:\/\/non-stopshop.eu\/sk\/wp-json\/wp\/v2\/media?parent=3572"}],"wp:term":[{"taxonomy":"product_brand","embeddable":true,"href":"https:\/\/non-stopshop.eu\/sk\/wp-json\/wp\/v2\/product_brand?post=3572"},{"taxonomy":"product_cat","embeddable":true,"href":"https:\/\/non-stopshop.eu\/sk\/wp-json\/wp\/v2\/product_cat?post=3572"},{"taxonomy":"product_tag","embeddable":true,"href":"https:\/\/non-stopshop.eu\/sk\/wp-json\/wp\/v2\/product_tag?post=3572"}],"curies":[{"name":"wp","href":"https:\/\/api.w.org\/{rel}","templated":true}]}}