{"id":3579,"date":"2022-05-09T12:31:39","date_gmt":"2022-05-09T10:31:39","guid":{"rendered":"https:\/\/non-stopshop.eu\/sk\/?post_type=product&#038;p=3579"},"modified":"2022-05-20T15:00:12","modified_gmt":"2022-05-20T13:00:12","slug":"vykonna-rucna-lampa","status":"publish","type":"product","link":"https:\/\/non-stopshop.eu\/sk\/produkt\/vykonna-rucna-lampa\/","title":{"rendered":"V\u00fdkonn\u00e1 ru\u010dn\u00e1 lampa"},"content":{"rendered":"","protected":false},"excerpt":{"rendered":"<p>Ru\u010dn\u00e1 multifunk\u010dn\u00e1 lampa v\u00fdnimo\u010dn\u00e9ho v\u00fdkonu vybaven\u00e1 funkciou blesku je ve\u013emi efekt\u00edvna a odoln\u00e1.<\/p>\n<p>&nbsp;<\/p>\n","protected":false},"featured_media":3584,"comment_status":"closed","ping_status":"closed","template":"","meta":{"inline_featured_image":false},"product_brand":[],"product_cat":[15],"product_tag":[],"class_list":{"0":"post-3579","1":"product","2":"type-product","3":"status-publish","4":"has-post-thumbnail","6":"product_cat-uncategorized","8":"first","9":"instock","10":"sale","11":"taxable","12":"shipping-taxable","13":"purchasable","14":"product-type-simple"},"acf":[],"_links":{"self":[{"href":"https:\/\/non-stopshop.eu\/sk\/wp-json\/wp\/v2\/product\/3579","targetHints":{"allow":["GET"]}}],"collection":[{"href":"https:\/\/non-stopshop.eu\/sk\/wp-json\/wp\/v2\/product"}],"about":[{"href":"https:\/\/non-stopshop.eu\/sk\/wp-json\/wp\/v2\/types\/product"}],"replies":[{"embeddable":true,"href":"https:\/\/non-stopshop.eu\/sk\/wp-json\/wp\/v2\/comments?post=3579"}],"wp:featuredmedia":[{"embeddable":true,"href":"https:\/\/non-stopshop.eu\/sk\/wp-json\/wp\/v2\/media\/3584"}],"wp:attachment":[{"href":"https:\/\/non-stopshop.eu\/sk\/wp-json\/wp\/v2\/media?parent=3579"}],"wp:term":[{"taxonomy":"product_brand","embeddable":true,"href":"https:\/\/non-stopshop.eu\/sk\/wp-json\/wp\/v2\/product_brand?post=3579"},{"taxonomy":"product_cat","embeddable":true,"href":"https:\/\/non-stopshop.eu\/sk\/wp-json\/wp\/v2\/product_cat?post=3579"},{"taxonomy":"product_tag","embeddable":true,"href":"https:\/\/non-stopshop.eu\/sk\/wp-json\/wp\/v2\/product_tag?post=3579"}],"curies":[{"name":"wp","href":"https:\/\/api.w.org\/{rel}","templated":true}]}}