{"id":3840,"date":"2022-05-22T11:15:55","date_gmt":"2022-05-22T09:15:55","guid":{"rendered":"https:\/\/non-stopshop.eu\/sk\/?post_type=product&#038;p=3840"},"modified":"2023-01-10T15:07:36","modified_gmt":"2023-01-10T14:07:36","slug":"11-zadarmo-opakovane-pouzitelne-samolepiace-mihalnice-reuselash","status":"publish","type":"product","link":"https:\/\/non-stopshop.eu\/sk\/produkt\/11-zadarmo-opakovane-pouzitelne-samolepiace-mihalnice-reuselash\/","title":{"rendered":"1+1 ZADARMO Opakovane pou\u017eite\u013en\u00e9 samolepiace mihalnice &#8211; Reuselash"},"content":{"rendered":"","protected":false},"excerpt":{"rendered":"<p id=\"tw-target-text\" class=\"tw-data-text tw-text-large tw-ta\" dir=\"ltr\" data-placeholder=\"Prijevod\">Vysk\u00fa\u0161ajte na\u0161e opakovane pou\u017eite\u013en\u00e9 samolepiace mihalnice, ktor\u00e9 sa jednoducho a r\u00fdchlo nas\u00e1dzaj\u00fa a v\u00fdrazne zjednodu\u0161uj\u00fa proces l\u00ed\u010denia. S\u00fa rovnako prirodzen\u00e9 ako va\u0161e vlastn\u00e9 mihalnice a daj\u00fa sa znova pou\u017ei\u0165.<\/p>\n","protected":false},"featured_media":3072,"comment_status":"closed","ping_status":"closed","template":"","meta":{"inline_featured_image":false},"product_brand":[],"product_cat":[15,28,24,36],"product_tag":[],"class_list":{"0":"post-3840","1":"product","2":"type-product","3":"status-publish","4":"has-post-thumbnail","6":"product_cat-uncategorized","7":"product_cat-beauty","8":"product_cat-sale","9":"product_cat-seasonal-discounts","11":"first","12":"instock","13":"sale","14":"taxable","15":"shipping-taxable","16":"purchasable","17":"product-type-simple"},"acf":[],"_links":{"self":[{"href":"https:\/\/non-stopshop.eu\/sk\/wp-json\/wp\/v2\/product\/3840","targetHints":{"allow":["GET"]}}],"collection":[{"href":"https:\/\/non-stopshop.eu\/sk\/wp-json\/wp\/v2\/product"}],"about":[{"href":"https:\/\/non-stopshop.eu\/sk\/wp-json\/wp\/v2\/types\/product"}],"replies":[{"embeddable":true,"href":"https:\/\/non-stopshop.eu\/sk\/wp-json\/wp\/v2\/comments?post=3840"}],"wp:featuredmedia":[{"embeddable":true,"href":"https:\/\/non-stopshop.eu\/sk\/wp-json\/wp\/v2\/media\/3072"}],"wp:attachment":[{"href":"https:\/\/non-stopshop.eu\/sk\/wp-json\/wp\/v2\/media?parent=3840"}],"wp:term":[{"taxonomy":"product_brand","embeddable":true,"href":"https:\/\/non-stopshop.eu\/sk\/wp-json\/wp\/v2\/product_brand?post=3840"},{"taxonomy":"product_cat","embeddable":true,"href":"https:\/\/non-stopshop.eu\/sk\/wp-json\/wp\/v2\/product_cat?post=3840"},{"taxonomy":"product_tag","embeddable":true,"href":"https:\/\/non-stopshop.eu\/sk\/wp-json\/wp\/v2\/product_tag?post=3840"}],"curies":[{"name":"wp","href":"https:\/\/api.w.org\/{rel}","templated":true}]}}