{"id":4096,"date":"2022-06-06T09:51:44","date_gmt":"2022-06-06T07:51:44","guid":{"rendered":"https:\/\/non-stopshop.eu\/sk\/?post_type=product&#038;p=4096"},"modified":"2022-06-07T17:49:55","modified_gmt":"2022-06-07T15:49:55","slug":"montessori-taska-na-rozvoj-motoriky","status":"publish","type":"product","link":"https:\/\/non-stopshop.eu\/sk\/produkt\/montessori-taska-na-rozvoj-motoriky\/","title":{"rendered":"Montessori ta\u0161ka na rozvoj motoriky"},"content":{"rendered":"","protected":false},"excerpt":{"rendered":"<p>Montessori ta\u0161ka je ide\u00e1lna na rozvoj va\u0161ich najmen\u0161\u00edch a zdokona\u013eovanie ich zru\u010dnost\u00ed. Z\u00e1bavn\u00e1 a n\u00e1u\u010dn\u00e1 ta\u0161ka pote\u0161\u00ed ka\u017ed\u00e9 die\u0165a a z\u00e1rove\u0148 polo\u017e\u00ed skvel\u00fd z\u00e1klad na rie\u0161enie \u00faloh!<\/p>\n<p>&nbsp;<\/p>\n","protected":false},"featured_media":4098,"comment_status":"closed","ping_status":"closed","template":"","meta":{"inline_featured_image":false},"product_brand":[],"product_cat":[15],"product_tag":[],"class_list":{"0":"post-4096","1":"product","2":"type-product","3":"status-publish","4":"has-post-thumbnail","6":"product_cat-uncategorized","8":"first","9":"instock","10":"sale","11":"taxable","12":"shipping-taxable","13":"purchasable","14":"product-type-simple"},"acf":[],"_links":{"self":[{"href":"https:\/\/non-stopshop.eu\/sk\/wp-json\/wp\/v2\/product\/4096","targetHints":{"allow":["GET"]}}],"collection":[{"href":"https:\/\/non-stopshop.eu\/sk\/wp-json\/wp\/v2\/product"}],"about":[{"href":"https:\/\/non-stopshop.eu\/sk\/wp-json\/wp\/v2\/types\/product"}],"replies":[{"embeddable":true,"href":"https:\/\/non-stopshop.eu\/sk\/wp-json\/wp\/v2\/comments?post=4096"}],"wp:featuredmedia":[{"embeddable":true,"href":"https:\/\/non-stopshop.eu\/sk\/wp-json\/wp\/v2\/media\/4098"}],"wp:attachment":[{"href":"https:\/\/non-stopshop.eu\/sk\/wp-json\/wp\/v2\/media?parent=4096"}],"wp:term":[{"taxonomy":"product_brand","embeddable":true,"href":"https:\/\/non-stopshop.eu\/sk\/wp-json\/wp\/v2\/product_brand?post=4096"},{"taxonomy":"product_cat","embeddable":true,"href":"https:\/\/non-stopshop.eu\/sk\/wp-json\/wp\/v2\/product_cat?post=4096"},{"taxonomy":"product_tag","embeddable":true,"href":"https:\/\/non-stopshop.eu\/sk\/wp-json\/wp\/v2\/product_tag?post=4096"}],"curies":[{"name":"wp","href":"https:\/\/api.w.org\/{rel}","templated":true}]}}