{"id":4119,"date":"2022-06-06T16:47:21","date_gmt":"2022-06-06T14:47:21","guid":{"rendered":"https:\/\/non-stopshop.eu\/sk\/?post_type=product&#038;p=4119"},"modified":"2022-06-09T15:18:59","modified_gmt":"2022-06-09T13:18:59","slug":"5-kusov-sada-rybarskych-navnad-ultralure","status":"publish","type":"product","link":"https:\/\/non-stopshop.eu\/sk\/produkt\/5-kusov-sada-rybarskych-navnad-ultralure\/","title":{"rendered":"5 kusov &#8211; Sada ryb\u00e1rskych n\u00e1vnad-UltraLure"},"content":{"rendered":"","protected":false},"excerpt":{"rendered":"<p id=\"tw-target-text\" class=\"tw-data-text tw-text-large tw-ta\" dir=\"ltr\" data-placeholder=\"Prijevod\">Dizajn n\u00e1vnady je navrhnut\u00fd tak, aby mala realistick\u00fd vzh\u013ead a plaveck\u00fd v\u00fdkon ako ranen\u00e1 ryba. Drav\u00e9 ryby v\u0161etk\u00fdch ve\u013ekost\u00ed na \u0148u r\u00fdchlo za\u00fato\u010dia! Ide\u00e1lna n\u00e1vnada na rybolov v mori, ako aj v sladkej vode!<\/p>\n","protected":false},"featured_media":4131,"comment_status":"closed","ping_status":"closed","template":"","meta":{"inline_featured_image":false},"product_brand":[],"product_cat":[15,27,36,35],"product_tag":[],"class_list":{"0":"post-4119","1":"product","2":"type-product","3":"status-publish","4":"has-post-thumbnail","6":"product_cat-uncategorized","7":"product_cat-home","8":"product_cat-seasonal-discounts","9":"product_cat-fun","11":"first","12":"instock","13":"sale","14":"taxable","15":"shipping-taxable","16":"purchasable","17":"product-type-simple"},"acf":[],"_links":{"self":[{"href":"https:\/\/non-stopshop.eu\/sk\/wp-json\/wp\/v2\/product\/4119","targetHints":{"allow":["GET"]}}],"collection":[{"href":"https:\/\/non-stopshop.eu\/sk\/wp-json\/wp\/v2\/product"}],"about":[{"href":"https:\/\/non-stopshop.eu\/sk\/wp-json\/wp\/v2\/types\/product"}],"replies":[{"embeddable":true,"href":"https:\/\/non-stopshop.eu\/sk\/wp-json\/wp\/v2\/comments?post=4119"}],"wp:featuredmedia":[{"embeddable":true,"href":"https:\/\/non-stopshop.eu\/sk\/wp-json\/wp\/v2\/media\/4131"}],"wp:attachment":[{"href":"https:\/\/non-stopshop.eu\/sk\/wp-json\/wp\/v2\/media?parent=4119"}],"wp:term":[{"taxonomy":"product_brand","embeddable":true,"href":"https:\/\/non-stopshop.eu\/sk\/wp-json\/wp\/v2\/product_brand?post=4119"},{"taxonomy":"product_cat","embeddable":true,"href":"https:\/\/non-stopshop.eu\/sk\/wp-json\/wp\/v2\/product_cat?post=4119"},{"taxonomy":"product_tag","embeddable":true,"href":"https:\/\/non-stopshop.eu\/sk\/wp-json\/wp\/v2\/product_tag?post=4119"}],"curies":[{"name":"wp","href":"https:\/\/api.w.org\/{rel}","templated":true}]}}