{"id":4145,"date":"2022-06-07T15:49:39","date_gmt":"2022-06-07T13:49:39","guid":{"rendered":"https:\/\/non-stopshop.eu\/sk\/?post_type=product&#038;p=4145"},"modified":"2022-06-09T15:06:54","modified_gmt":"2022-06-09T13:06:54","slug":"letna-pushup-podprsenka-bez-ramienok","status":"publish","type":"product","link":"https:\/\/non-stopshop.eu\/sk\/produkt\/letna-pushup-podprsenka-bez-ramienok\/","title":{"rendered":"Letn\u00e1 PushUp podprsenka bez ramienok"},"content":{"rendered":"","protected":false},"excerpt":{"rendered":"<p>Zdvihnite prsia pre ve\u013ekolep\u00fd vzh\u013ead s hlb\u0161\u00edm v\u00fdstrihom pri akejko\u013evek pr\u00edle\u017eitosti a kombin\u00e1cii. T\u00e1to PusUp podprsenka bez ramienok zostane skryt\u00e1 pod ak\u00fdmko\u013evek oble\u010den\u00edm.<\/p>\n<ul>\n<li>A-B &#8211; vhodn\u00e9 pre A\/B ko\u0161\u00edk<\/li>\n<li>C-D &#8211; vhodn\u00e9 pre C\/D ko\u0161\u00edk<\/li>\n<li>E-F &#8211; vhodn\u00e9 pre E\/F ko\u0161\u00edk<\/li>\n<\/ul>\n<p>&nbsp;<\/p>\n","protected":false},"featured_media":4147,"comment_status":"closed","ping_status":"closed","template":"","meta":{"inline_featured_image":false},"product_brand":[],"product_cat":[15],"product_tag":[],"class_list":{"0":"post-4145","1":"product","2":"type-product","3":"status-publish","4":"has-post-thumbnail","6":"product_cat-uncategorized","8":"first","9":"instock","10":"sale","11":"taxable","12":"shipping-taxable","13":"purchasable","14":"product-type-variable"},"acf":[],"_links":{"self":[{"href":"https:\/\/non-stopshop.eu\/sk\/wp-json\/wp\/v2\/product\/4145","targetHints":{"allow":["GET"]}}],"collection":[{"href":"https:\/\/non-stopshop.eu\/sk\/wp-json\/wp\/v2\/product"}],"about":[{"href":"https:\/\/non-stopshop.eu\/sk\/wp-json\/wp\/v2\/types\/product"}],"replies":[{"embeddable":true,"href":"https:\/\/non-stopshop.eu\/sk\/wp-json\/wp\/v2\/comments?post=4145"}],"wp:featuredmedia":[{"embeddable":true,"href":"https:\/\/non-stopshop.eu\/sk\/wp-json\/wp\/v2\/media\/4147"}],"wp:attachment":[{"href":"https:\/\/non-stopshop.eu\/sk\/wp-json\/wp\/v2\/media?parent=4145"}],"wp:term":[{"taxonomy":"product_brand","embeddable":true,"href":"https:\/\/non-stopshop.eu\/sk\/wp-json\/wp\/v2\/product_brand?post=4145"},{"taxonomy":"product_cat","embeddable":true,"href":"https:\/\/non-stopshop.eu\/sk\/wp-json\/wp\/v2\/product_cat?post=4145"},{"taxonomy":"product_tag","embeddable":true,"href":"https:\/\/non-stopshop.eu\/sk\/wp-json\/wp\/v2\/product_tag?post=4145"}],"curies":[{"name":"wp","href":"https:\/\/api.w.org\/{rel}","templated":true}]}}