{"id":4163,"date":"2022-06-07T16:00:17","date_gmt":"2022-06-07T14:00:17","guid":{"rendered":"https:\/\/non-stopshop.eu\/sk\/?post_type=product&#038;p=4163"},"modified":"2022-06-07T17:16:42","modified_gmt":"2022-06-07T15:16:42","slug":"rolovacia-ochrana-pred-slnkom-na-auta-a-okna","status":"publish","type":"product","link":"https:\/\/non-stopshop.eu\/sk\/produkt\/rolovacia-ochrana-pred-slnkom-na-auta-a-okna\/","title":{"rendered":"Rolovacia ochrana pred slnkom na aut\u00e1 a okn\u00e1"},"content":{"rendered":"","protected":false},"excerpt":{"rendered":"<p>Zn\u00ed\u017ete UV \u017eiarenie a slne\u010dn\u00e9 svetlo vo va\u0161om aute a spr\u00edjemnite si jazdu. Pou\u017eite t\u00fato ochranu pre v\u0161etky miestnosti, kde je to potrebn\u00e9!<\/p>\n<p>&nbsp;<\/p>\n","protected":false},"featured_media":4170,"comment_status":"closed","ping_status":"closed","template":"","meta":{"inline_featured_image":false},"product_brand":[],"product_cat":[15],"product_tag":[],"class_list":{"0":"post-4163","1":"product","2":"type-product","3":"status-publish","4":"has-post-thumbnail","6":"product_cat-uncategorized","8":"first","9":"instock","10":"sale","11":"taxable","12":"shipping-taxable","13":"purchasable","14":"product-type-simple"},"acf":[],"_links":{"self":[{"href":"https:\/\/non-stopshop.eu\/sk\/wp-json\/wp\/v2\/product\/4163","targetHints":{"allow":["GET"]}}],"collection":[{"href":"https:\/\/non-stopshop.eu\/sk\/wp-json\/wp\/v2\/product"}],"about":[{"href":"https:\/\/non-stopshop.eu\/sk\/wp-json\/wp\/v2\/types\/product"}],"replies":[{"embeddable":true,"href":"https:\/\/non-stopshop.eu\/sk\/wp-json\/wp\/v2\/comments?post=4163"}],"wp:featuredmedia":[{"embeddable":true,"href":"https:\/\/non-stopshop.eu\/sk\/wp-json\/wp\/v2\/media\/4170"}],"wp:attachment":[{"href":"https:\/\/non-stopshop.eu\/sk\/wp-json\/wp\/v2\/media?parent=4163"}],"wp:term":[{"taxonomy":"product_brand","embeddable":true,"href":"https:\/\/non-stopshop.eu\/sk\/wp-json\/wp\/v2\/product_brand?post=4163"},{"taxonomy":"product_cat","embeddable":true,"href":"https:\/\/non-stopshop.eu\/sk\/wp-json\/wp\/v2\/product_cat?post=4163"},{"taxonomy":"product_tag","embeddable":true,"href":"https:\/\/non-stopshop.eu\/sk\/wp-json\/wp\/v2\/product_tag?post=4163"}],"curies":[{"name":"wp","href":"https:\/\/api.w.org\/{rel}","templated":true}]}}