{"id":4199,"date":"2022-06-08T10:52:51","date_gmt":"2022-06-08T08:52:51","guid":{"rendered":"https:\/\/non-stopshop.eu\/sk\/?post_type=product&#038;p=4199"},"modified":"2022-06-09T15:22:30","modified_gmt":"2022-06-09T13:22:30","slug":"hra-na-spajanie-tvarov","status":"publish","type":"product","link":"https:\/\/non-stopshop.eu\/sk\/produkt\/hra-na-spajanie-tvarov\/","title":{"rendered":"Hra na sp\u00e1janie tvarov"},"content":{"rendered":"","protected":false},"excerpt":{"rendered":"<p>T\u00e1to zmyslovo eduka\u010dn\u00e1 hra o sp\u00e1jan\u00ed a h\u013eadan\u00ed spr\u00e1vnych tvarov je ide\u00e1lnou kombin\u00e1ciou u\u010denia a z\u00e1bavy. Doprajte svojim de\u0165om dokonal\u00fa z\u00e1bavu!<\/p>\n","protected":false},"featured_media":4202,"comment_status":"closed","ping_status":"closed","template":"","meta":{"inline_featured_image":false},"product_brand":[],"product_cat":[15],"product_tag":[],"class_list":{"0":"post-4199","1":"product","2":"type-product","3":"status-publish","4":"has-post-thumbnail","6":"product_cat-uncategorized","8":"first","9":"instock","10":"sale","11":"taxable","12":"shipping-taxable","13":"purchasable","14":"product-type-simple"},"acf":[],"_links":{"self":[{"href":"https:\/\/non-stopshop.eu\/sk\/wp-json\/wp\/v2\/product\/4199","targetHints":{"allow":["GET"]}}],"collection":[{"href":"https:\/\/non-stopshop.eu\/sk\/wp-json\/wp\/v2\/product"}],"about":[{"href":"https:\/\/non-stopshop.eu\/sk\/wp-json\/wp\/v2\/types\/product"}],"replies":[{"embeddable":true,"href":"https:\/\/non-stopshop.eu\/sk\/wp-json\/wp\/v2\/comments?post=4199"}],"wp:featuredmedia":[{"embeddable":true,"href":"https:\/\/non-stopshop.eu\/sk\/wp-json\/wp\/v2\/media\/4202"}],"wp:attachment":[{"href":"https:\/\/non-stopshop.eu\/sk\/wp-json\/wp\/v2\/media?parent=4199"}],"wp:term":[{"taxonomy":"product_brand","embeddable":true,"href":"https:\/\/non-stopshop.eu\/sk\/wp-json\/wp\/v2\/product_brand?post=4199"},{"taxonomy":"product_cat","embeddable":true,"href":"https:\/\/non-stopshop.eu\/sk\/wp-json\/wp\/v2\/product_cat?post=4199"},{"taxonomy":"product_tag","embeddable":true,"href":"https:\/\/non-stopshop.eu\/sk\/wp-json\/wp\/v2\/product_tag?post=4199"}],"curies":[{"name":"wp","href":"https:\/\/api.w.org\/{rel}","templated":true}]}}