{"id":4293,"date":"2022-06-14T11:23:24","date_gmt":"2022-06-14T09:23:24","guid":{"rendered":"https:\/\/non-stopshop.eu\/sk\/?post_type=product&#038;p=4293"},"modified":"2022-07-14T15:07:19","modified_gmt":"2022-07-14T13:07:19","slug":"letna-pushup-podprsenka-bez-ramienok-2","status":"publish","type":"product","link":"https:\/\/non-stopshop.eu\/sk\/produkt\/letna-pushup-podprsenka-bez-ramienok-2\/","title":{"rendered":"Letn\u00e1 PushUp podprsenka bez ramienok"},"content":{"rendered":"","protected":false},"excerpt":{"rendered":"<p>Zdvihnite prsia pre ve\u013ekolep\u00fd vzh\u013ead s hlb\u0161\u00edm v\u00fdstrihom pri akejko\u013evek pr\u00edle\u017eitosti a kombin\u00e1cii. T\u00e1to PusUp podprsenka bez ramienok zostane skryt\u00e1 pod ak\u00fdmko\u013evek oble\u010den\u00edm.<\/p>\n<ul>\n<li>A-B &#8211; vhodn\u00e9 pre A\/B ko\u0161\u00edk<\/li>\n<li>C-D &#8211; vhodn\u00e9 pre C\/D ko\u0161\u00edk<\/li>\n<li>E-F &#8211; vhodn\u00e9 pre E\/F ko\u0161\u00edk<\/li>\n<\/ul>\n","protected":false},"featured_media":4297,"comment_status":"closed","ping_status":"closed","template":"","meta":{"inline_featured_image":false},"product_brand":[],"product_cat":[15,28,36],"product_tag":[],"class_list":{"0":"post-4293","1":"product","2":"type-product","3":"status-publish","4":"has-post-thumbnail","6":"product_cat-uncategorized","7":"product_cat-beauty","8":"product_cat-seasonal-discounts","10":"first","11":"instock","12":"sale","13":"taxable","14":"shipping-taxable","15":"purchasable","16":"product-type-variable"},"acf":[],"_links":{"self":[{"href":"https:\/\/non-stopshop.eu\/sk\/wp-json\/wp\/v2\/product\/4293","targetHints":{"allow":["GET"]}}],"collection":[{"href":"https:\/\/non-stopshop.eu\/sk\/wp-json\/wp\/v2\/product"}],"about":[{"href":"https:\/\/non-stopshop.eu\/sk\/wp-json\/wp\/v2\/types\/product"}],"replies":[{"embeddable":true,"href":"https:\/\/non-stopshop.eu\/sk\/wp-json\/wp\/v2\/comments?post=4293"}],"wp:featuredmedia":[{"embeddable":true,"href":"https:\/\/non-stopshop.eu\/sk\/wp-json\/wp\/v2\/media\/4297"}],"wp:attachment":[{"href":"https:\/\/non-stopshop.eu\/sk\/wp-json\/wp\/v2\/media?parent=4293"}],"wp:term":[{"taxonomy":"product_brand","embeddable":true,"href":"https:\/\/non-stopshop.eu\/sk\/wp-json\/wp\/v2\/product_brand?post=4293"},{"taxonomy":"product_cat","embeddable":true,"href":"https:\/\/non-stopshop.eu\/sk\/wp-json\/wp\/v2\/product_cat?post=4293"},{"taxonomy":"product_tag","embeddable":true,"href":"https:\/\/non-stopshop.eu\/sk\/wp-json\/wp\/v2\/product_tag?post=4293"}],"curies":[{"name":"wp","href":"https:\/\/api.w.org\/{rel}","templated":true}]}}