{"id":4485,"date":"2022-07-01T16:09:45","date_gmt":"2022-07-01T14:09:45","guid":{"rendered":"https:\/\/non-stopshop.eu\/sk\/?post_type=product&#038;p=4485"},"modified":"2023-01-10T15:06:19","modified_gmt":"2023-01-10T14:06:19","slug":"gel-na-cistenie-a-bielenie-obuvi","status":"publish","type":"product","link":"https:\/\/non-stopshop.eu\/sk\/produkt\/gel-na-cistenie-a-bielenie-obuvi\/","title":{"rendered":"G\u00e9l na \u010distenie a bielenie obuvi"},"content":{"rendered":"","protected":false},"excerpt":{"rendered":"<p id=\"tw-target-text\" class=\"tw-data-text tw-text-large tw-ta\" dir=\"ltr\" data-placeholder=\"Prijevod\">Odstr\u00e1\u0148te ne\u010distoty a \u017elt\u00e9 \u0161kvrny zo st\u00e1tia s t\u00fdmto fenomen\u00e1lnym bieliacim a \u010distiacim g\u00e9lom!<\/p>\n","protected":false},"featured_media":4488,"comment_status":"closed","ping_status":"closed","template":"","meta":{"inline_featured_image":false},"product_brand":[],"product_cat":[15,27,28],"product_tag":[],"class_list":{"0":"post-4485","1":"product","2":"type-product","3":"status-publish","4":"has-post-thumbnail","6":"product_cat-uncategorized","7":"product_cat-home","8":"product_cat-beauty","10":"first","11":"instock","12":"sale","13":"taxable","14":"shipping-taxable","15":"purchasable","16":"product-type-simple"},"acf":[],"_links":{"self":[{"href":"https:\/\/non-stopshop.eu\/sk\/wp-json\/wp\/v2\/product\/4485","targetHints":{"allow":["GET"]}}],"collection":[{"href":"https:\/\/non-stopshop.eu\/sk\/wp-json\/wp\/v2\/product"}],"about":[{"href":"https:\/\/non-stopshop.eu\/sk\/wp-json\/wp\/v2\/types\/product"}],"replies":[{"embeddable":true,"href":"https:\/\/non-stopshop.eu\/sk\/wp-json\/wp\/v2\/comments?post=4485"}],"wp:featuredmedia":[{"embeddable":true,"href":"https:\/\/non-stopshop.eu\/sk\/wp-json\/wp\/v2\/media\/4488"}],"wp:attachment":[{"href":"https:\/\/non-stopshop.eu\/sk\/wp-json\/wp\/v2\/media?parent=4485"}],"wp:term":[{"taxonomy":"product_brand","embeddable":true,"href":"https:\/\/non-stopshop.eu\/sk\/wp-json\/wp\/v2\/product_brand?post=4485"},{"taxonomy":"product_cat","embeddable":true,"href":"https:\/\/non-stopshop.eu\/sk\/wp-json\/wp\/v2\/product_cat?post=4485"},{"taxonomy":"product_tag","embeddable":true,"href":"https:\/\/non-stopshop.eu\/sk\/wp-json\/wp\/v2\/product_tag?post=4485"}],"curies":[{"name":"wp","href":"https:\/\/api.w.org\/{rel}","templated":true}]}}