{"id":4791,"date":"2022-07-29T17:02:26","date_gmt":"2022-07-29T15:02:26","guid":{"rendered":"https:\/\/non-stopshop.eu\/sk\/?post_type=product&#038;p=4791"},"modified":"2022-08-03T08:07:36","modified_gmt":"2022-08-03T06:07:36","slug":"hodiny-s-autom-na-dialkove-ovladanie","status":"publish","type":"product","link":"https:\/\/non-stopshop.eu\/sk\/produkt\/hodiny-s-autom-na-dialkove-ovladanie\/","title":{"rendered":"Hodiny s autom na dia\u013ekov\u00e9 ovl\u00e1danie"},"content":{"rendered":"","protected":false},"excerpt":{"rendered":"<p>Fenomen\u00e1lna a praktick\u00e1 hra\u010dka, ktor\u00e1 rozosmeje a zabav\u00ed ka\u017ed\u00e9 die\u0165a vo v\u0161etk\u00fdch situ\u00e1ci\u00e1ch.<\/p>\n<p>&nbsp;<\/p>\n","protected":false},"featured_media":4792,"comment_status":"closed","ping_status":"closed","template":"","meta":{"inline_featured_image":false},"product_brand":[],"product_cat":[15],"product_tag":[],"class_list":{"0":"post-4791","1":"product","2":"type-product","3":"status-publish","4":"has-post-thumbnail","6":"product_cat-uncategorized","8":"first","9":"instock","10":"sale","11":"taxable","12":"shipping-taxable","13":"purchasable","14":"product-type-simple"},"acf":[],"_links":{"self":[{"href":"https:\/\/non-stopshop.eu\/sk\/wp-json\/wp\/v2\/product\/4791","targetHints":{"allow":["GET"]}}],"collection":[{"href":"https:\/\/non-stopshop.eu\/sk\/wp-json\/wp\/v2\/product"}],"about":[{"href":"https:\/\/non-stopshop.eu\/sk\/wp-json\/wp\/v2\/types\/product"}],"replies":[{"embeddable":true,"href":"https:\/\/non-stopshop.eu\/sk\/wp-json\/wp\/v2\/comments?post=4791"}],"wp:featuredmedia":[{"embeddable":true,"href":"https:\/\/non-stopshop.eu\/sk\/wp-json\/wp\/v2\/media\/4792"}],"wp:attachment":[{"href":"https:\/\/non-stopshop.eu\/sk\/wp-json\/wp\/v2\/media?parent=4791"}],"wp:term":[{"taxonomy":"product_brand","embeddable":true,"href":"https:\/\/non-stopshop.eu\/sk\/wp-json\/wp\/v2\/product_brand?post=4791"},{"taxonomy":"product_cat","embeddable":true,"href":"https:\/\/non-stopshop.eu\/sk\/wp-json\/wp\/v2\/product_cat?post=4791"},{"taxonomy":"product_tag","embeddable":true,"href":"https:\/\/non-stopshop.eu\/sk\/wp-json\/wp\/v2\/product_tag?post=4791"}],"curies":[{"name":"wp","href":"https:\/\/api.w.org\/{rel}","templated":true}]}}