{"id":4796,"date":"2022-07-29T17:12:51","date_gmt":"2022-07-29T15:12:51","guid":{"rendered":"https:\/\/non-stopshop.eu\/sk\/?post_type=product&#038;p=4796"},"modified":"2022-08-03T08:01:58","modified_gmt":"2022-08-03T06:01:58","slug":"kotuc-na-rezanie-skla","status":"publish","type":"product","link":"https:\/\/non-stopshop.eu\/sk\/produkt\/kotuc-na-rezanie-skla\/","title":{"rendered":"Kot\u00fa\u010d na rezanie skla"},"content":{"rendered":"","protected":false},"excerpt":{"rendered":"<p>Jednoduch\u00fd, r\u00fdchly a presn\u00fd diamantov\u00fd kot\u00fa\u010d na hladk\u00e9 rezanie hr\u00e1n skla, keramiky, kri\u0161t\u00e1\u013eu, dla\u017ed\u00edc&#8230;<\/p>\n<p>&nbsp;<\/p>\n","protected":false},"featured_media":4798,"comment_status":"closed","ping_status":"closed","template":"","meta":{"inline_featured_image":false},"product_brand":[],"product_cat":[15],"product_tag":[],"class_list":{"0":"post-4796","1":"product","2":"type-product","3":"status-publish","4":"has-post-thumbnail","6":"product_cat-uncategorized","8":"first","9":"instock","10":"sale","11":"taxable","12":"shipping-taxable","13":"purchasable","14":"product-type-simple"},"acf":[],"_links":{"self":[{"href":"https:\/\/non-stopshop.eu\/sk\/wp-json\/wp\/v2\/product\/4796","targetHints":{"allow":["GET"]}}],"collection":[{"href":"https:\/\/non-stopshop.eu\/sk\/wp-json\/wp\/v2\/product"}],"about":[{"href":"https:\/\/non-stopshop.eu\/sk\/wp-json\/wp\/v2\/types\/product"}],"replies":[{"embeddable":true,"href":"https:\/\/non-stopshop.eu\/sk\/wp-json\/wp\/v2\/comments?post=4796"}],"wp:featuredmedia":[{"embeddable":true,"href":"https:\/\/non-stopshop.eu\/sk\/wp-json\/wp\/v2\/media\/4798"}],"wp:attachment":[{"href":"https:\/\/non-stopshop.eu\/sk\/wp-json\/wp\/v2\/media?parent=4796"}],"wp:term":[{"taxonomy":"product_brand","embeddable":true,"href":"https:\/\/non-stopshop.eu\/sk\/wp-json\/wp\/v2\/product_brand?post=4796"},{"taxonomy":"product_cat","embeddable":true,"href":"https:\/\/non-stopshop.eu\/sk\/wp-json\/wp\/v2\/product_cat?post=4796"},{"taxonomy":"product_tag","embeddable":true,"href":"https:\/\/non-stopshop.eu\/sk\/wp-json\/wp\/v2\/product_tag?post=4796"}],"curies":[{"name":"wp","href":"https:\/\/api.w.org\/{rel}","templated":true}]}}