{"id":5001,"date":"2022-08-11T15:05:21","date_gmt":"2022-08-11T13:05:21","guid":{"rendered":"https:\/\/non-stopshop.eu\/sk\/?post_type=product&#038;p=5001"},"modified":"2023-04-13T15:57:49","modified_gmt":"2023-04-13T13:57:49","slug":"hodiny-s-autom-na-dialkove-ovladanie-2","status":"publish","type":"product","link":"https:\/\/non-stopshop.eu\/sk\/produkt\/hodiny-s-autom-na-dialkove-ovladanie-2\/","title":{"rendered":"Hodiny s autom na dia\u013ekov\u00e9 ovl\u00e1danie"},"content":{"rendered":"","protected":false},"excerpt":{"rendered":"<p id=\"tw-target-text\" class=\"tw-data-text tw-text-large tw-ta\" dir=\"ltr\" data-placeholder=\"Prijevod\">Fenomen\u00e1lna a praktick\u00e1 hra\u010dka, ktor\u00e1 rozosmeje a zabav\u00ed ka\u017ed\u00e9 die\u0165a vo v\u0161etk\u00fdch situ\u00e1ci\u00e1ch. Praktick\u00fd dizajn umo\u017en\u00ed die\u0165a\u0165u ma\u0165 svoju ob\u013e\u00faben\u00fa hra\u010dku st\u00e1le pri sebe!<\/p>\n","protected":false},"featured_media":5003,"comment_status":"closed","ping_status":"closed","template":"","meta":{"inline_featured_image":false},"product_brand":[],"product_cat":[15,27,36,35],"product_tag":[],"class_list":{"0":"post-5001","1":"product","2":"type-product","3":"status-publish","4":"has-post-thumbnail","6":"product_cat-uncategorized","7":"product_cat-home","8":"product_cat-seasonal-discounts","9":"product_cat-fun","11":"first","12":"instock","13":"sale","14":"taxable","15":"shipping-taxable","16":"purchasable","17":"product-type-simple"},"acf":[],"_links":{"self":[{"href":"https:\/\/non-stopshop.eu\/sk\/wp-json\/wp\/v2\/product\/5001","targetHints":{"allow":["GET"]}}],"collection":[{"href":"https:\/\/non-stopshop.eu\/sk\/wp-json\/wp\/v2\/product"}],"about":[{"href":"https:\/\/non-stopshop.eu\/sk\/wp-json\/wp\/v2\/types\/product"}],"replies":[{"embeddable":true,"href":"https:\/\/non-stopshop.eu\/sk\/wp-json\/wp\/v2\/comments?post=5001"}],"wp:featuredmedia":[{"embeddable":true,"href":"https:\/\/non-stopshop.eu\/sk\/wp-json\/wp\/v2\/media\/5003"}],"wp:attachment":[{"href":"https:\/\/non-stopshop.eu\/sk\/wp-json\/wp\/v2\/media?parent=5001"}],"wp:term":[{"taxonomy":"product_brand","embeddable":true,"href":"https:\/\/non-stopshop.eu\/sk\/wp-json\/wp\/v2\/product_brand?post=5001"},{"taxonomy":"product_cat","embeddable":true,"href":"https:\/\/non-stopshop.eu\/sk\/wp-json\/wp\/v2\/product_cat?post=5001"},{"taxonomy":"product_tag","embeddable":true,"href":"https:\/\/non-stopshop.eu\/sk\/wp-json\/wp\/v2\/product_tag?post=5001"}],"curies":[{"name":"wp","href":"https:\/\/api.w.org\/{rel}","templated":true}]}}