{"id":5287,"date":"2022-08-29T11:23:59","date_gmt":"2022-08-29T09:23:59","guid":{"rendered":"https:\/\/non-stopshop.eu\/sk\/?post_type=product&#038;p=5287"},"modified":"2022-08-29T17:13:20","modified_gmt":"2022-08-29T15:13:20","slug":"rucna-elektricka-suprava-na-krajanie-zeleniny-4-v-1","status":"publish","type":"product","link":"https:\/\/non-stopshop.eu\/sk\/produkt\/rucna-elektricka-suprava-na-krajanie-zeleniny-4-v-1\/","title":{"rendered":"Ru\u010dn\u00e1 elektrick\u00e1 s\u00faprava na kr\u00e1janie zeleniny 4 v 1"},"content":{"rendered":"","protected":false},"excerpt":{"rendered":"<p>Multifunk\u010dn\u00e1 s\u00faprava 4 v 1 na kr\u00e1janie ovocia, zeleniny, elektrick\u00e1 \u0161tetka alebo mlyn\u010dek na m\u00e4so. Iba s jedn\u00fdm produktom m\u00f4\u017eete pracova\u0165 mnoh\u00fdmi r\u00f4znymi sp\u00f4sobmi.<\/p>\n<p>&nbsp;<\/p>\n","protected":false},"featured_media":5292,"comment_status":"closed","ping_status":"closed","template":"","meta":{"inline_featured_image":false},"product_brand":[],"product_cat":[15],"product_tag":[],"class_list":{"0":"post-5287","1":"product","2":"type-product","3":"status-publish","4":"has-post-thumbnail","6":"product_cat-uncategorized","8":"first","9":"instock","10":"sale","11":"taxable","12":"shipping-taxable","13":"purchasable","14":"product-type-simple"},"acf":[],"_links":{"self":[{"href":"https:\/\/non-stopshop.eu\/sk\/wp-json\/wp\/v2\/product\/5287","targetHints":{"allow":["GET"]}}],"collection":[{"href":"https:\/\/non-stopshop.eu\/sk\/wp-json\/wp\/v2\/product"}],"about":[{"href":"https:\/\/non-stopshop.eu\/sk\/wp-json\/wp\/v2\/types\/product"}],"replies":[{"embeddable":true,"href":"https:\/\/non-stopshop.eu\/sk\/wp-json\/wp\/v2\/comments?post=5287"}],"wp:featuredmedia":[{"embeddable":true,"href":"https:\/\/non-stopshop.eu\/sk\/wp-json\/wp\/v2\/media\/5292"}],"wp:attachment":[{"href":"https:\/\/non-stopshop.eu\/sk\/wp-json\/wp\/v2\/media?parent=5287"}],"wp:term":[{"taxonomy":"product_brand","embeddable":true,"href":"https:\/\/non-stopshop.eu\/sk\/wp-json\/wp\/v2\/product_brand?post=5287"},{"taxonomy":"product_cat","embeddable":true,"href":"https:\/\/non-stopshop.eu\/sk\/wp-json\/wp\/v2\/product_cat?post=5287"},{"taxonomy":"product_tag","embeddable":true,"href":"https:\/\/non-stopshop.eu\/sk\/wp-json\/wp\/v2\/product_tag?post=5287"}],"curies":[{"name":"wp","href":"https:\/\/api.w.org\/{rel}","templated":true}]}}