{"id":5294,"date":"2022-08-29T11:41:24","date_gmt":"2022-08-29T09:41:24","guid":{"rendered":"https:\/\/non-stopshop.eu\/sk\/?post_type=product&#038;p=5294"},"modified":"2022-08-29T17:14:41","modified_gmt":"2022-08-29T15:14:41","slug":"zabavne-samolepiace-sipky","status":"publish","type":"product","link":"https:\/\/non-stopshop.eu\/sk\/produkt\/zabavne-samolepiace-sipky\/","title":{"rendered":"Z\u00e1bavn\u00e9 samolepiace \u0161\u00edpky"},"content":{"rendered":"","protected":false},"excerpt":{"rendered":"<p>Zauj\u00edmav\u00e1 hra v podobe zvieratiek, skuto\u010dn\u00e1 n\u00e1hrada klasickej hry so \u0161\u00edpkami, kde s\u00fa \u0161\u00edpky nahraden\u00e9 samolepiacimi guli\u010dkami, s ktor\u00fdmi sa stre\u013eba na ter\u010d st\u00e1va bezpe\u010dnou.<\/p>\n<p>&nbsp;<\/p>\n","protected":false},"featured_media":5300,"comment_status":"closed","ping_status":"closed","template":"","meta":{"inline_featured_image":false},"product_brand":[],"product_cat":[15],"product_tag":[],"class_list":{"0":"post-5294","1":"product","2":"type-product","3":"status-publish","4":"has-post-thumbnail","6":"product_cat-uncategorized","8":"first","9":"instock","10":"sale","11":"taxable","12":"shipping-taxable","13":"purchasable","14":"product-type-simple"},"acf":[],"_links":{"self":[{"href":"https:\/\/non-stopshop.eu\/sk\/wp-json\/wp\/v2\/product\/5294","targetHints":{"allow":["GET"]}}],"collection":[{"href":"https:\/\/non-stopshop.eu\/sk\/wp-json\/wp\/v2\/product"}],"about":[{"href":"https:\/\/non-stopshop.eu\/sk\/wp-json\/wp\/v2\/types\/product"}],"replies":[{"embeddable":true,"href":"https:\/\/non-stopshop.eu\/sk\/wp-json\/wp\/v2\/comments?post=5294"}],"wp:featuredmedia":[{"embeddable":true,"href":"https:\/\/non-stopshop.eu\/sk\/wp-json\/wp\/v2\/media\/5300"}],"wp:attachment":[{"href":"https:\/\/non-stopshop.eu\/sk\/wp-json\/wp\/v2\/media?parent=5294"}],"wp:term":[{"taxonomy":"product_brand","embeddable":true,"href":"https:\/\/non-stopshop.eu\/sk\/wp-json\/wp\/v2\/product_brand?post=5294"},{"taxonomy":"product_cat","embeddable":true,"href":"https:\/\/non-stopshop.eu\/sk\/wp-json\/wp\/v2\/product_cat?post=5294"},{"taxonomy":"product_tag","embeddable":true,"href":"https:\/\/non-stopshop.eu\/sk\/wp-json\/wp\/v2\/product_tag?post=5294"}],"curies":[{"name":"wp","href":"https:\/\/api.w.org\/{rel}","templated":true}]}}