{"id":5310,"date":"2022-08-29T12:04:02","date_gmt":"2022-08-29T10:04:02","guid":{"rendered":"https:\/\/non-stopshop.eu\/sk\/?post_type=product&#038;p=5310"},"modified":"2022-08-29T12:07:48","modified_gmt":"2022-08-29T10:07:48","slug":"vodne-mramorove-farby-na-malovanie","status":"publish","type":"product","link":"https:\/\/non-stopshop.eu\/sk\/produkt\/vodne-mramorove-farby-na-malovanie\/","title":{"rendered":"Vodn\u00e9 mramorov\u00e9 farby na ma\u013eovanie"},"content":{"rendered":"","protected":false},"excerpt":{"rendered":"<p>Vytvorte skuto\u010dn\u00e9 umeleck\u00e9 diela s touto s\u00fapravou vodn\u00fdch mramorov\u00fdch farieb. Utvorte umenie na \u010domko\u013evek, sta\u010d\u00ed iba ponori\u0165 svoj ob\u013e\u00faben\u00fd predmet do farby a v\u00fdsledky bud\u00fa fantastick\u00e9!<\/p>\n<p>&nbsp;<\/p>\n","protected":false},"featured_media":5311,"comment_status":"closed","ping_status":"closed","template":"","meta":{"inline_featured_image":false},"product_brand":[],"product_cat":[15],"product_tag":[],"class_list":{"0":"post-5310","1":"product","2":"type-product","3":"status-publish","4":"has-post-thumbnail","6":"product_cat-uncategorized","8":"first","9":"instock","10":"sale","11":"taxable","12":"shipping-taxable","13":"purchasable","14":"product-type-simple"},"acf":[],"_links":{"self":[{"href":"https:\/\/non-stopshop.eu\/sk\/wp-json\/wp\/v2\/product\/5310","targetHints":{"allow":["GET"]}}],"collection":[{"href":"https:\/\/non-stopshop.eu\/sk\/wp-json\/wp\/v2\/product"}],"about":[{"href":"https:\/\/non-stopshop.eu\/sk\/wp-json\/wp\/v2\/types\/product"}],"replies":[{"embeddable":true,"href":"https:\/\/non-stopshop.eu\/sk\/wp-json\/wp\/v2\/comments?post=5310"}],"wp:featuredmedia":[{"embeddable":true,"href":"https:\/\/non-stopshop.eu\/sk\/wp-json\/wp\/v2\/media\/5311"}],"wp:attachment":[{"href":"https:\/\/non-stopshop.eu\/sk\/wp-json\/wp\/v2\/media?parent=5310"}],"wp:term":[{"taxonomy":"product_brand","embeddable":true,"href":"https:\/\/non-stopshop.eu\/sk\/wp-json\/wp\/v2\/product_brand?post=5310"},{"taxonomy":"product_cat","embeddable":true,"href":"https:\/\/non-stopshop.eu\/sk\/wp-json\/wp\/v2\/product_cat?post=5310"},{"taxonomy":"product_tag","embeddable":true,"href":"https:\/\/non-stopshop.eu\/sk\/wp-json\/wp\/v2\/product_tag?post=5310"}],"curies":[{"name":"wp","href":"https:\/\/api.w.org\/{rel}","templated":true}]}}