{"id":5316,"date":"2022-08-29T12:32:40","date_gmt":"2022-08-29T10:32:40","guid":{"rendered":"https:\/\/non-stopshop.eu\/sk\/?post_type=product&#038;p=5316"},"modified":"2022-08-29T12:36:43","modified_gmt":"2022-08-29T10:36:43","slug":"suprava-na-vyrobu-3d-figurok","status":"publish","type":"product","link":"https:\/\/non-stopshop.eu\/sk\/produkt\/suprava-na-vyrobu-3d-figurok\/","title":{"rendered":"S\u00faprava na v\u00fdrobu 3D fig\u00farok"},"content":{"rendered":"","protected":false},"excerpt":{"rendered":"<p>S\u00faprava DIY na v\u00fdrobu fig\u00farok je ide\u00e1lna pre z\u00e1bavu a relax. T\u00e1to zauj\u00edmav\u00e1 hra je relaxa\u010dn\u00e1 a efekt\u00edvna. Ve\u013emi \u013eahko sa pou\u017e\u00edva a je ide\u00e1lnym n\u00e1strojom na vyjadrenie kreativity.<\/p>\n<p>&nbsp;<\/p>\n","protected":false},"featured_media":5320,"comment_status":"closed","ping_status":"closed","template":"","meta":{"inline_featured_image":false},"product_brand":[],"product_cat":[15],"product_tag":[],"class_list":{"0":"post-5316","1":"product","2":"type-product","3":"status-publish","4":"has-post-thumbnail","6":"product_cat-uncategorized","8":"first","9":"instock","10":"sale","11":"taxable","12":"shipping-taxable","13":"purchasable","14":"product-type-simple"},"acf":[],"_links":{"self":[{"href":"https:\/\/non-stopshop.eu\/sk\/wp-json\/wp\/v2\/product\/5316","targetHints":{"allow":["GET"]}}],"collection":[{"href":"https:\/\/non-stopshop.eu\/sk\/wp-json\/wp\/v2\/product"}],"about":[{"href":"https:\/\/non-stopshop.eu\/sk\/wp-json\/wp\/v2\/types\/product"}],"replies":[{"embeddable":true,"href":"https:\/\/non-stopshop.eu\/sk\/wp-json\/wp\/v2\/comments?post=5316"}],"wp:featuredmedia":[{"embeddable":true,"href":"https:\/\/non-stopshop.eu\/sk\/wp-json\/wp\/v2\/media\/5320"}],"wp:attachment":[{"href":"https:\/\/non-stopshop.eu\/sk\/wp-json\/wp\/v2\/media?parent=5316"}],"wp:term":[{"taxonomy":"product_brand","embeddable":true,"href":"https:\/\/non-stopshop.eu\/sk\/wp-json\/wp\/v2\/product_brand?post=5316"},{"taxonomy":"product_cat","embeddable":true,"href":"https:\/\/non-stopshop.eu\/sk\/wp-json\/wp\/v2\/product_cat?post=5316"},{"taxonomy":"product_tag","embeddable":true,"href":"https:\/\/non-stopshop.eu\/sk\/wp-json\/wp\/v2\/product_tag?post=5316"}],"curies":[{"name":"wp","href":"https:\/\/api.w.org\/{rel}","templated":true}]}}