{"id":5322,"date":"2022-08-29T12:55:54","date_gmt":"2022-08-29T10:55:54","guid":{"rendered":"https:\/\/non-stopshop.eu\/sk\/?post_type=product&#038;p=5322"},"modified":"2022-08-29T12:59:25","modified_gmt":"2022-08-29T10:59:25","slug":"magneticka-suprava-lopticiek-a-palica","status":"publish","type":"product","link":"https:\/\/non-stopshop.eu\/sk\/produkt\/magneticka-suprava-lopticiek-a-palica\/","title":{"rendered":"Magnetick\u00e1 s\u00faprava lopti\u010diek a pal\u00edca"},"content":{"rendered":"","protected":false},"excerpt":{"rendered":"<p>Fantastick\u00e1 magnetick\u00e1 s\u00faprava na v\u00fdrobu r\u00f4znych s\u00f4ch a tvarov je ide\u00e1lnou z\u00e1bavou pre v\u0161etk\u00fdch najmen\u0161\u00edch. Okrem z\u00e1bavy maj\u00fa deti mo\u017enos\u0165 rozv\u00edja\u0165 svoju fant\u00e1ziu a ment\u00e1lne a motorick\u00e9 koordina\u010dn\u00e9 schopnosti.<\/p>\n<p>&nbsp;<\/p>\n<p>&nbsp;<\/p>\n","protected":false},"featured_media":5324,"comment_status":"closed","ping_status":"closed","template":"","meta":{"inline_featured_image":false},"product_brand":[],"product_cat":[15],"product_tag":[],"class_list":{"0":"post-5322","1":"product","2":"type-product","3":"status-publish","4":"has-post-thumbnail","6":"product_cat-uncategorized","8":"first","9":"instock","10":"sale","11":"taxable","12":"shipping-taxable","13":"purchasable","14":"product-type-simple"},"acf":[],"_links":{"self":[{"href":"https:\/\/non-stopshop.eu\/sk\/wp-json\/wp\/v2\/product\/5322","targetHints":{"allow":["GET"]}}],"collection":[{"href":"https:\/\/non-stopshop.eu\/sk\/wp-json\/wp\/v2\/product"}],"about":[{"href":"https:\/\/non-stopshop.eu\/sk\/wp-json\/wp\/v2\/types\/product"}],"replies":[{"embeddable":true,"href":"https:\/\/non-stopshop.eu\/sk\/wp-json\/wp\/v2\/comments?post=5322"}],"wp:featuredmedia":[{"embeddable":true,"href":"https:\/\/non-stopshop.eu\/sk\/wp-json\/wp\/v2\/media\/5324"}],"wp:attachment":[{"href":"https:\/\/non-stopshop.eu\/sk\/wp-json\/wp\/v2\/media?parent=5322"}],"wp:term":[{"taxonomy":"product_brand","embeddable":true,"href":"https:\/\/non-stopshop.eu\/sk\/wp-json\/wp\/v2\/product_brand?post=5322"},{"taxonomy":"product_cat","embeddable":true,"href":"https:\/\/non-stopshop.eu\/sk\/wp-json\/wp\/v2\/product_cat?post=5322"},{"taxonomy":"product_tag","embeddable":true,"href":"https:\/\/non-stopshop.eu\/sk\/wp-json\/wp\/v2\/product_tag?post=5322"}],"curies":[{"name":"wp","href":"https:\/\/api.w.org\/{rel}","templated":true}]}}