{"id":5470,"date":"2022-09-08T10:57:19","date_gmt":"2022-09-08T08:57:19","guid":{"rendered":"https:\/\/non-stopshop.eu\/sk\/?post_type=product&#038;p=5470"},"modified":"2022-09-08T11:29:24","modified_gmt":"2022-09-08T09:29:24","slug":"dekorativne-solarne-lampy","status":"publish","type":"product","link":"https:\/\/non-stopshop.eu\/sk\/produkt\/dekorativne-solarne-lampy\/","title":{"rendered":"Dekorat\u00edvne sol\u00e1rne lampy"},"content":{"rendered":"","protected":false},"excerpt":{"rendered":"<p>Dekorat\u00edvne sol\u00e1rne lampy s\u00fa jedine\u010dn\u00e9 lampy, ktor\u00e9 ozdobia ka\u017ed\u00fa z\u00e1hradu, z\u00e1hradu \u010di balk\u00f3n. Ohybn\u00e9 dr\u00f4ty sa bud\u00fa pohybova\u0165 vo vetre a poskytn\u00fa v\u00e1m jedine\u010dn\u00fd kr\u00e1sny poh\u013ead.<\/p>\n<p>&nbsp;<\/p>\n<p>&nbsp;<\/p>\n","protected":false},"featured_media":5477,"comment_status":"closed","ping_status":"closed","template":"","meta":{"inline_featured_image":false},"product_brand":[],"product_cat":[15],"product_tag":[],"class_list":{"0":"post-5470","1":"product","2":"type-product","3":"status-publish","4":"has-post-thumbnail","6":"product_cat-uncategorized","8":"first","9":"instock","10":"sale","11":"taxable","12":"shipping-taxable","13":"purchasable","14":"product-type-simple"},"acf":[],"_links":{"self":[{"href":"https:\/\/non-stopshop.eu\/sk\/wp-json\/wp\/v2\/product\/5470","targetHints":{"allow":["GET"]}}],"collection":[{"href":"https:\/\/non-stopshop.eu\/sk\/wp-json\/wp\/v2\/product"}],"about":[{"href":"https:\/\/non-stopshop.eu\/sk\/wp-json\/wp\/v2\/types\/product"}],"replies":[{"embeddable":true,"href":"https:\/\/non-stopshop.eu\/sk\/wp-json\/wp\/v2\/comments?post=5470"}],"wp:featuredmedia":[{"embeddable":true,"href":"https:\/\/non-stopshop.eu\/sk\/wp-json\/wp\/v2\/media\/5477"}],"wp:attachment":[{"href":"https:\/\/non-stopshop.eu\/sk\/wp-json\/wp\/v2\/media?parent=5470"}],"wp:term":[{"taxonomy":"product_brand","embeddable":true,"href":"https:\/\/non-stopshop.eu\/sk\/wp-json\/wp\/v2\/product_brand?post=5470"},{"taxonomy":"product_cat","embeddable":true,"href":"https:\/\/non-stopshop.eu\/sk\/wp-json\/wp\/v2\/product_cat?post=5470"},{"taxonomy":"product_tag","embeddable":true,"href":"https:\/\/non-stopshop.eu\/sk\/wp-json\/wp\/v2\/product_tag?post=5470"}],"curies":[{"name":"wp","href":"https:\/\/api.w.org\/{rel}","templated":true}]}}