{"id":553,"date":"2020-12-09T13:50:56","date_gmt":"2020-12-09T12:50:56","guid":{"rendered":"https:\/\/shopium.eu\/rs\/?post_type=product&#038;p=553"},"modified":"2023-01-10T15:24:16","modified_gmt":"2023-01-10T14:24:16","slug":"toenailcorrector","status":"publish","type":"product","link":"https:\/\/non-stopshop.eu\/sk\/produkt\/toenailcorrector\/","title":{"rendered":"N\u00e1plasti proti plesniam a zarastaniu nechtov- ToenailCorrector (30 kusov)"},"content":{"rendered":"<p>Perfektn\u00fd produkt vo forme n\u00e1plasti, s ktorou budete ma\u0165 op\u00e4\u0165 kr\u00e1sne a zdrav\u00e9 nechty a ktor\u00fd v\u00e1s zbav\u00ed bolestiv\u00fdch zarasten\u00fdch nechtov a \u00faplne a bezpe\u010dne odstr\u00e1ni a zabr\u00e1ni tvorbe plesn\u00ed.<\/p>\n","protected":false},"excerpt":{"rendered":"<p>Perfektn\u00fd produkt vo forme n\u00e1plasti, s ktorou budete ma\u0165 op\u00e4\u0165 kr\u00e1sne a zdrav\u00e9 nechty a ktor\u00fd v\u00e1s zbav\u00ed bolestiv\u00fdch zarasten\u00fdch nechtov a \u00faplne a bezpe\u010dne odstr\u00e1ni a zabr\u00e1ni tvorbe plesn\u00ed.<\/p>\n","protected":false},"featured_media":558,"comment_status":"closed","ping_status":"closed","template":"","meta":{"inline_featured_image":false},"product_brand":[],"product_cat":[15,28,26],"product_tag":[],"class_list":{"0":"post-553","1":"product","2":"type-product","3":"status-publish","4":"has-post-thumbnail","6":"product_cat-uncategorized","7":"product_cat-beauty","8":"product_cat-health","10":"first","11":"instock","12":"sale","13":"taxable","14":"shipping-taxable","15":"purchasable","16":"product-type-simple"},"acf":[],"_links":{"self":[{"href":"https:\/\/non-stopshop.eu\/sk\/wp-json\/wp\/v2\/product\/553","targetHints":{"allow":["GET"]}}],"collection":[{"href":"https:\/\/non-stopshop.eu\/sk\/wp-json\/wp\/v2\/product"}],"about":[{"href":"https:\/\/non-stopshop.eu\/sk\/wp-json\/wp\/v2\/types\/product"}],"replies":[{"embeddable":true,"href":"https:\/\/non-stopshop.eu\/sk\/wp-json\/wp\/v2\/comments?post=553"}],"wp:featuredmedia":[{"embeddable":true,"href":"https:\/\/non-stopshop.eu\/sk\/wp-json\/wp\/v2\/media\/558"}],"wp:attachment":[{"href":"https:\/\/non-stopshop.eu\/sk\/wp-json\/wp\/v2\/media?parent=553"}],"wp:term":[{"taxonomy":"product_brand","embeddable":true,"href":"https:\/\/non-stopshop.eu\/sk\/wp-json\/wp\/v2\/product_brand?post=553"},{"taxonomy":"product_cat","embeddable":true,"href":"https:\/\/non-stopshop.eu\/sk\/wp-json\/wp\/v2\/product_cat?post=553"},{"taxonomy":"product_tag","embeddable":true,"href":"https:\/\/non-stopshop.eu\/sk\/wp-json\/wp\/v2\/product_tag?post=553"}],"curies":[{"name":"wp","href":"https:\/\/api.w.org\/{rel}","templated":true}]}}