{"id":5539,"date":"2022-09-09T11:24:30","date_gmt":"2022-09-09T09:24:30","guid":{"rendered":"https:\/\/non-stopshop.eu\/sk\/?post_type=product&#038;p=5539"},"modified":"2022-09-28T12:40:58","modified_gmt":"2022-09-28T10:40:58","slug":"rucna-elektricka-suprava-na-krajanie-zeleniny-4-v-1-2","status":"publish","type":"product","link":"https:\/\/non-stopshop.eu\/sk\/produkt\/rucna-elektricka-suprava-na-krajanie-zeleniny-4-v-1-2\/","title":{"rendered":"Ru\u010dn\u00e1 elektrick\u00e1 s\u00faprava na kr\u00e1janie zeleniny 4 v 1"},"content":{"rendered":"","protected":false},"excerpt":{"rendered":"<p id=\"tw-target-text\" class=\"tw-data-text tw-text-large tw-ta\" dir=\"ltr\" data-placeholder=\"Prijevod\">Multifunk\u010dn\u00e1 s\u00faprava 4 v 1 na kr\u00e1janie ovocia, zeleniny, elektrick\u00e1 kefa alebo mlyn\u010dek na m\u00e4so. Iba s jedn\u00fdm produktom m\u00f4\u017eete pracova\u0165 mnoh\u00fdmi r\u00f4znymi sp\u00f4sobmi.<\/p>\n","protected":false},"featured_media":5550,"comment_status":"closed","ping_status":"closed","template":"","meta":{"inline_featured_image":false},"product_brand":[],"product_cat":[15,27,36,35],"product_tag":[],"class_list":{"0":"post-5539","1":"product","2":"type-product","3":"status-publish","4":"has-post-thumbnail","6":"product_cat-uncategorized","7":"product_cat-home","8":"product_cat-seasonal-discounts","9":"product_cat-fun","11":"first","12":"instock","13":"sale","14":"taxable","15":"shipping-taxable","16":"purchasable","17":"product-type-simple"},"acf":[],"_links":{"self":[{"href":"https:\/\/non-stopshop.eu\/sk\/wp-json\/wp\/v2\/product\/5539","targetHints":{"allow":["GET"]}}],"collection":[{"href":"https:\/\/non-stopshop.eu\/sk\/wp-json\/wp\/v2\/product"}],"about":[{"href":"https:\/\/non-stopshop.eu\/sk\/wp-json\/wp\/v2\/types\/product"}],"replies":[{"embeddable":true,"href":"https:\/\/non-stopshop.eu\/sk\/wp-json\/wp\/v2\/comments?post=5539"}],"wp:featuredmedia":[{"embeddable":true,"href":"https:\/\/non-stopshop.eu\/sk\/wp-json\/wp\/v2\/media\/5550"}],"wp:attachment":[{"href":"https:\/\/non-stopshop.eu\/sk\/wp-json\/wp\/v2\/media?parent=5539"}],"wp:term":[{"taxonomy":"product_brand","embeddable":true,"href":"https:\/\/non-stopshop.eu\/sk\/wp-json\/wp\/v2\/product_brand?post=5539"},{"taxonomy":"product_cat","embeddable":true,"href":"https:\/\/non-stopshop.eu\/sk\/wp-json\/wp\/v2\/product_cat?post=5539"},{"taxonomy":"product_tag","embeddable":true,"href":"https:\/\/non-stopshop.eu\/sk\/wp-json\/wp\/v2\/product_tag?post=5539"}],"curies":[{"name":"wp","href":"https:\/\/api.w.org\/{rel}","templated":true}]}}