{"id":6058,"date":"2022-10-05T13:48:10","date_gmt":"2022-10-05T11:48:10","guid":{"rendered":"https:\/\/non-stopshop.eu\/sk\/?post_type=product&#038;p=6058"},"modified":"2023-04-13T15:44:20","modified_gmt":"2023-04-13T13:44:20","slug":"viacucelovy-termotransferovy-papier-2","status":"publish","type":"product","link":"https:\/\/non-stopshop.eu\/sk\/produkt\/viacucelovy-termotransferovy-papier-2\/","title":{"rendered":"Viac\u00fa\u010delov\u00fd termotransferov\u00fd papier"},"content":{"rendered":"","protected":false},"excerpt":{"rendered":"<p id=\"tw-target-text\" class=\"tw-data-text tw-text-large tw-ta\" dir=\"ltr\" data-placeholder=\"Prijevod\">Vyrobte si zna\u010dkov\u00fd odev alebo plavky, svoje ob\u013e\u00faben\u00e9 fotografie m\u00f4\u017eete da\u0165 na oble\u010denie za p\u00e1r sek\u00fand, existuje ve\u013ea kombin\u00e1ci\u00ed, v\u0161etko z\u00e1vis\u00ed od va\u0161ej fant\u00e1zie, vyrobte si absol\u00fatne jedine\u010dn\u00e9 tri\u010dk\u00e1!<\/p>\n","protected":false},"featured_media":6072,"comment_status":"closed","ping_status":"closed","template":"","meta":{"inline_featured_image":false},"product_brand":[],"product_cat":[15,27,36,35],"product_tag":[],"class_list":{"0":"post-6058","1":"product","2":"type-product","3":"status-publish","4":"has-post-thumbnail","6":"product_cat-uncategorized","7":"product_cat-home","8":"product_cat-seasonal-discounts","9":"product_cat-fun","11":"first","12":"instock","13":"sale","14":"taxable","15":"shipping-taxable","16":"purchasable","17":"product-type-simple"},"acf":[],"_links":{"self":[{"href":"https:\/\/non-stopshop.eu\/sk\/wp-json\/wp\/v2\/product\/6058","targetHints":{"allow":["GET"]}}],"collection":[{"href":"https:\/\/non-stopshop.eu\/sk\/wp-json\/wp\/v2\/product"}],"about":[{"href":"https:\/\/non-stopshop.eu\/sk\/wp-json\/wp\/v2\/types\/product"}],"replies":[{"embeddable":true,"href":"https:\/\/non-stopshop.eu\/sk\/wp-json\/wp\/v2\/comments?post=6058"}],"wp:featuredmedia":[{"embeddable":true,"href":"https:\/\/non-stopshop.eu\/sk\/wp-json\/wp\/v2\/media\/6072"}],"wp:attachment":[{"href":"https:\/\/non-stopshop.eu\/sk\/wp-json\/wp\/v2\/media?parent=6058"}],"wp:term":[{"taxonomy":"product_brand","embeddable":true,"href":"https:\/\/non-stopshop.eu\/sk\/wp-json\/wp\/v2\/product_brand?post=6058"},{"taxonomy":"product_cat","embeddable":true,"href":"https:\/\/non-stopshop.eu\/sk\/wp-json\/wp\/v2\/product_cat?post=6058"},{"taxonomy":"product_tag","embeddable":true,"href":"https:\/\/non-stopshop.eu\/sk\/wp-json\/wp\/v2\/product_tag?post=6058"}],"curies":[{"name":"wp","href":"https:\/\/api.w.org\/{rel}","templated":true}]}}