{"id":7189,"date":"2023-01-19T11:52:36","date_gmt":"2023-01-19T10:52:36","guid":{"rendered":"https:\/\/non-stopshop.eu\/sk\/?post_type=product&#038;p=7189"},"modified":"2023-01-19T12:02:38","modified_gmt":"2023-01-19T11:02:38","slug":"bezdrotovy-rucny-vysavac","status":"publish","type":"product","link":"https:\/\/non-stopshop.eu\/sk\/produkt\/bezdrotovy-rucny-vysavac\/","title":{"rendered":"Bezdr\u00f4tov\u00fd ru\u010dn\u00fd vys\u00e1va\u010d"},"content":{"rendered":"","protected":false},"excerpt":{"rendered":"<p id=\"tw-target-text\" class=\"tw-data-text tw-text-large tw-ta\" dir=\"ltr\" data-placeholder=\"Prijevod\">\u013dahk\u00fd ru\u010dn\u00fd vys\u00e1va\u010d so siln\u00fdm sac\u00edm v\u00fdkonom je ide\u00e1lnym pomocn\u00edkom v ka\u017edej dom\u00e1cnosti, na pracovisku alebo v aute. Zbavte sa ne\u010dist\u00f4t a \u0161piny v nieko\u013ek\u00fdch krokoch s t\u00fdmto \u0161pi\u010dkov\u00fdm vys\u00e1va\u010dom.<\/p>\n","protected":false},"featured_media":7196,"comment_status":"closed","ping_status":"closed","template":"","meta":{"inline_featured_image":false},"product_brand":[],"product_cat":[15,27,36],"product_tag":[],"class_list":{"0":"post-7189","1":"product","2":"type-product","3":"status-publish","4":"has-post-thumbnail","6":"product_cat-uncategorized","7":"product_cat-home","8":"product_cat-seasonal-discounts","10":"first","11":"instock","12":"sale","13":"taxable","14":"shipping-taxable","15":"purchasable","16":"product-type-simple"},"acf":[],"_links":{"self":[{"href":"https:\/\/non-stopshop.eu\/sk\/wp-json\/wp\/v2\/product\/7189","targetHints":{"allow":["GET"]}}],"collection":[{"href":"https:\/\/non-stopshop.eu\/sk\/wp-json\/wp\/v2\/product"}],"about":[{"href":"https:\/\/non-stopshop.eu\/sk\/wp-json\/wp\/v2\/types\/product"}],"replies":[{"embeddable":true,"href":"https:\/\/non-stopshop.eu\/sk\/wp-json\/wp\/v2\/comments?post=7189"}],"wp:featuredmedia":[{"embeddable":true,"href":"https:\/\/non-stopshop.eu\/sk\/wp-json\/wp\/v2\/media\/7196"}],"wp:attachment":[{"href":"https:\/\/non-stopshop.eu\/sk\/wp-json\/wp\/v2\/media?parent=7189"}],"wp:term":[{"taxonomy":"product_brand","embeddable":true,"href":"https:\/\/non-stopshop.eu\/sk\/wp-json\/wp\/v2\/product_brand?post=7189"},{"taxonomy":"product_cat","embeddable":true,"href":"https:\/\/non-stopshop.eu\/sk\/wp-json\/wp\/v2\/product_cat?post=7189"},{"taxonomy":"product_tag","embeddable":true,"href":"https:\/\/non-stopshop.eu\/sk\/wp-json\/wp\/v2\/product_tag?post=7189"}],"curies":[{"name":"wp","href":"https:\/\/api.w.org\/{rel}","templated":true}]}}