{"id":7377,"date":"2023-02-24T10:19:14","date_gmt":"2023-02-24T09:19:14","guid":{"rendered":"https:\/\/non-stopshop.eu\/sk\/?post_type=product&#038;p=7377"},"modified":"2023-03-21T09:18:50","modified_gmt":"2023-03-21T08:18:50","slug":"vzdelavacia-hracka-dreveny-vlacik-s-cislami","status":"publish","type":"product","link":"https:\/\/non-stopshop.eu\/sk\/produkt\/vzdelavacia-hracka-dreveny-vlacik-s-cislami\/","title":{"rendered":"Vzdel\u00e1vacia hra\u010dka-Dreven\u00fd vl\u00e1\u010dik s \u010d\u00edslami"},"content":{"rendered":"","protected":false},"excerpt":{"rendered":"<p>Hra\u010dka pre skor\u00e9 u\u010denie \u010d\u00edsel, tvarov a farieb. Precvi\u010dovanie praktick\u00fdch a rozumov\u00fdch zru\u010dnost\u00ed a rozv\u00edjanie kreativity.<\/p>\n","protected":false},"featured_media":7386,"comment_status":"closed","ping_status":"closed","template":"","meta":{"inline_featured_image":false},"product_brand":[],"product_cat":[15,35],"product_tag":[],"class_list":{"0":"post-7377","1":"product","2":"type-product","3":"status-publish","4":"has-post-thumbnail","6":"product_cat-uncategorized","7":"product_cat-fun","9":"first","10":"instock","11":"sale","12":"taxable","13":"shipping-taxable","14":"purchasable","15":"product-type-simple"},"acf":[],"_links":{"self":[{"href":"https:\/\/non-stopshop.eu\/sk\/wp-json\/wp\/v2\/product\/7377","targetHints":{"allow":["GET"]}}],"collection":[{"href":"https:\/\/non-stopshop.eu\/sk\/wp-json\/wp\/v2\/product"}],"about":[{"href":"https:\/\/non-stopshop.eu\/sk\/wp-json\/wp\/v2\/types\/product"}],"replies":[{"embeddable":true,"href":"https:\/\/non-stopshop.eu\/sk\/wp-json\/wp\/v2\/comments?post=7377"}],"wp:featuredmedia":[{"embeddable":true,"href":"https:\/\/non-stopshop.eu\/sk\/wp-json\/wp\/v2\/media\/7386"}],"wp:attachment":[{"href":"https:\/\/non-stopshop.eu\/sk\/wp-json\/wp\/v2\/media?parent=7377"}],"wp:term":[{"taxonomy":"product_brand","embeddable":true,"href":"https:\/\/non-stopshop.eu\/sk\/wp-json\/wp\/v2\/product_brand?post=7377"},{"taxonomy":"product_cat","embeddable":true,"href":"https:\/\/non-stopshop.eu\/sk\/wp-json\/wp\/v2\/product_cat?post=7377"},{"taxonomy":"product_tag","embeddable":true,"href":"https:\/\/non-stopshop.eu\/sk\/wp-json\/wp\/v2\/product_tag?post=7377"}],"curies":[{"name":"wp","href":"https:\/\/api.w.org\/{rel}","templated":true}]}}