{"id":7452,"date":"2023-03-01T14:23:37","date_gmt":"2023-03-01T13:23:37","guid":{"rendered":"https:\/\/non-stopshop.eu\/sk\/?post_type=product&#038;p=7452"},"modified":"2023-05-05T15:22:58","modified_gmt":"2023-05-05T13:22:58","slug":"mobilny-pevny-disk-16tb","status":"publish","type":"product","link":"https:\/\/non-stopshop.eu\/sk\/produkt\/mobilny-pevny-disk-16tb\/","title":{"rendered":"Mobiln\u00fd pevn\u00fd disk 16TB"},"content":{"rendered":"","protected":false},"excerpt":{"rendered":"<p>Mobiln\u00fd extern\u00fd pevn\u00fd disk SSD typu C je ide\u00e1lnym rie\u0161en\u00edm na ukladanie d\u00e1t. \u0160pi\u010dkov\u00fd dizajn a produkt \u0161etrn\u00fd k \u017eivotn\u00e9mu prostrediu s kapacitou 16 TB.<\/p>\n","protected":false},"featured_media":7464,"comment_status":"closed","ping_status":"closed","template":"","meta":{"inline_featured_image":false},"product_brand":[],"product_cat":[15,25,27],"product_tag":[],"class_list":{"0":"post-7452","1":"product","2":"type-product","3":"status-publish","4":"has-post-thumbnail","6":"product_cat-uncategorized","7":"product_cat-car","8":"product_cat-home","10":"first","11":"instock","12":"sale","13":"taxable","14":"shipping-taxable","15":"purchasable","16":"product-type-simple"},"acf":[],"_links":{"self":[{"href":"https:\/\/non-stopshop.eu\/sk\/wp-json\/wp\/v2\/product\/7452","targetHints":{"allow":["GET"]}}],"collection":[{"href":"https:\/\/non-stopshop.eu\/sk\/wp-json\/wp\/v2\/product"}],"about":[{"href":"https:\/\/non-stopshop.eu\/sk\/wp-json\/wp\/v2\/types\/product"}],"replies":[{"embeddable":true,"href":"https:\/\/non-stopshop.eu\/sk\/wp-json\/wp\/v2\/comments?post=7452"}],"wp:featuredmedia":[{"embeddable":true,"href":"https:\/\/non-stopshop.eu\/sk\/wp-json\/wp\/v2\/media\/7464"}],"wp:attachment":[{"href":"https:\/\/non-stopshop.eu\/sk\/wp-json\/wp\/v2\/media?parent=7452"}],"wp:term":[{"taxonomy":"product_brand","embeddable":true,"href":"https:\/\/non-stopshop.eu\/sk\/wp-json\/wp\/v2\/product_brand?post=7452"},{"taxonomy":"product_cat","embeddable":true,"href":"https:\/\/non-stopshop.eu\/sk\/wp-json\/wp\/v2\/product_cat?post=7452"},{"taxonomy":"product_tag","embeddable":true,"href":"https:\/\/non-stopshop.eu\/sk\/wp-json\/wp\/v2\/product_tag?post=7452"}],"curies":[{"name":"wp","href":"https:\/\/api.w.org\/{rel}","templated":true}]}}