{"id":7473,"date":"2023-03-02T14:15:26","date_gmt":"2023-03-02T13:15:26","guid":{"rendered":"https:\/\/non-stopshop.eu\/sk\/?post_type=product&#038;p=7473"},"modified":"2023-11-10T10:20:12","modified_gmt":"2023-11-10T09:20:12","slug":"transformacne-nakladne-auto-2-v-1","status":"publish","type":"product","link":"https:\/\/non-stopshop.eu\/sk\/produkt\/transformacne-nakladne-auto-2-v-1\/","title":{"rendered":"Transforma\u010dn\u00e9 n\u00e1kladn\u00e9 auto  2 v 1"},"content":{"rendered":"","protected":false},"excerpt":{"rendered":"<p>Mega n\u00e1kladn\u00e9 auto so skryt\u00fdmi dr\u00e1hami pre aut\u00ed\u010dka je dokonalou hra\u010dkou pre va\u0161ich najmil\u0161\u00edch. Perfektn\u00e1 hra\u010dka pre chlapcov na v\u0161etky pr\u00edle\u017eitosti.<\/p>\n","protected":false},"featured_media":7476,"comment_status":"closed","ping_status":"closed","template":"","meta":{"inline_featured_image":false},"product_brand":[],"product_cat":[15,35],"product_tag":[],"class_list":{"0":"post-7473","1":"product","2":"type-product","3":"status-publish","4":"has-post-thumbnail","6":"product_cat-uncategorized","7":"product_cat-fun","9":"first","10":"instock","11":"sale","12":"taxable","13":"shipping-taxable","14":"purchasable","15":"product-type-simple"},"acf":[],"_links":{"self":[{"href":"https:\/\/non-stopshop.eu\/sk\/wp-json\/wp\/v2\/product\/7473","targetHints":{"allow":["GET"]}}],"collection":[{"href":"https:\/\/non-stopshop.eu\/sk\/wp-json\/wp\/v2\/product"}],"about":[{"href":"https:\/\/non-stopshop.eu\/sk\/wp-json\/wp\/v2\/types\/product"}],"replies":[{"embeddable":true,"href":"https:\/\/non-stopshop.eu\/sk\/wp-json\/wp\/v2\/comments?post=7473"}],"wp:featuredmedia":[{"embeddable":true,"href":"https:\/\/non-stopshop.eu\/sk\/wp-json\/wp\/v2\/media\/7476"}],"wp:attachment":[{"href":"https:\/\/non-stopshop.eu\/sk\/wp-json\/wp\/v2\/media?parent=7473"}],"wp:term":[{"taxonomy":"product_brand","embeddable":true,"href":"https:\/\/non-stopshop.eu\/sk\/wp-json\/wp\/v2\/product_brand?post=7473"},{"taxonomy":"product_cat","embeddable":true,"href":"https:\/\/non-stopshop.eu\/sk\/wp-json\/wp\/v2\/product_cat?post=7473"},{"taxonomy":"product_tag","embeddable":true,"href":"https:\/\/non-stopshop.eu\/sk\/wp-json\/wp\/v2\/product_tag?post=7473"}],"curies":[{"name":"wp","href":"https:\/\/api.w.org\/{rel}","templated":true}]}}