{"id":7833,"date":"2023-06-23T12:24:21","date_gmt":"2023-06-23T10:24:21","guid":{"rendered":"https:\/\/non-stopshop.eu\/sk\/?post_type=product&#038;p=7833"},"modified":"2023-07-06T13:26:32","modified_gmt":"2023-07-06T11:26:32","slug":"mini-wifi-kamera-1080p-hd","status":"publish","type":"product","link":"https:\/\/non-stopshop.eu\/sk\/produkt\/mini-wifi-kamera-1080p-hd\/","title":{"rendered":"Mini WIFI kamera 1080P HD"},"content":{"rendered":"","protected":false},"excerpt":{"rendered":"<p>Doteraz najmen\u0161\u00ed mini fotoapar\u00e1t s najefekt\u00edvnej\u0161\u00edm v\u00fdkonom.<\/p>\n","protected":false},"featured_media":7834,"comment_status":"closed","ping_status":"closed","template":"","meta":{"inline_featured_image":false},"product_brand":[],"product_cat":[15,25,27],"product_tag":[],"class_list":{"0":"post-7833","1":"product","2":"type-product","3":"status-publish","4":"has-post-thumbnail","6":"product_cat-uncategorized","7":"product_cat-car","8":"product_cat-home","10":"first","11":"instock","12":"sale","13":"taxable","14":"shipping-taxable","15":"purchasable","16":"product-type-simple"},"acf":[],"_links":{"self":[{"href":"https:\/\/non-stopshop.eu\/sk\/wp-json\/wp\/v2\/product\/7833","targetHints":{"allow":["GET"]}}],"collection":[{"href":"https:\/\/non-stopshop.eu\/sk\/wp-json\/wp\/v2\/product"}],"about":[{"href":"https:\/\/non-stopshop.eu\/sk\/wp-json\/wp\/v2\/types\/product"}],"replies":[{"embeddable":true,"href":"https:\/\/non-stopshop.eu\/sk\/wp-json\/wp\/v2\/comments?post=7833"}],"wp:featuredmedia":[{"embeddable":true,"href":"https:\/\/non-stopshop.eu\/sk\/wp-json\/wp\/v2\/media\/7834"}],"wp:attachment":[{"href":"https:\/\/non-stopshop.eu\/sk\/wp-json\/wp\/v2\/media?parent=7833"}],"wp:term":[{"taxonomy":"product_brand","embeddable":true,"href":"https:\/\/non-stopshop.eu\/sk\/wp-json\/wp\/v2\/product_brand?post=7833"},{"taxonomy":"product_cat","embeddable":true,"href":"https:\/\/non-stopshop.eu\/sk\/wp-json\/wp\/v2\/product_cat?post=7833"},{"taxonomy":"product_tag","embeddable":true,"href":"https:\/\/non-stopshop.eu\/sk\/wp-json\/wp\/v2\/product_tag?post=7833"}],"curies":[{"name":"wp","href":"https:\/\/api.w.org\/{rel}","templated":true}]}}