{"id":8331,"date":"2023-08-14T09:47:44","date_gmt":"2023-08-14T07:47:44","guid":{"rendered":"https:\/\/non-stopshop.eu\/sk\/?post_type=product&#038;p=8331"},"modified":"2023-11-10T10:23:45","modified_gmt":"2023-11-10T09:23:45","slug":"pasovy-trenazer","status":"publish","type":"product","link":"https:\/\/non-stopshop.eu\/sk\/produkt\/pasovy-trenazer\/","title":{"rendered":"P\u00e1sov\u00fd trena\u017e\u00e9r"},"content":{"rendered":"","protected":false},"excerpt":{"rendered":"<p>Pohodln\u00fd a priedu\u0161n\u00fd elastick\u00fd p\u00e1s a chrbtov\u00fd p\u00e1s v\u00e1m d\u00e1va pocit bezpe\u010dia a \u013eahk\u00e9ho pohybu. Zni\u017euje bolesti chrbta a r\u00fdchlej\u0161ie spa\u013euje kal\u00f3rie a celut\u00edda mizne s touto p\u00e1skou dokonca 2-3x r\u00fdchlej\u0161ie.<\/p>\n","protected":false},"featured_media":8355,"comment_status":"closed","ping_status":"closed","template":"","meta":{"inline_featured_image":false},"product_brand":[],"product_cat":[15,28,26],"product_tag":[],"class_list":{"0":"post-8331","1":"product","2":"type-product","3":"status-publish","4":"has-post-thumbnail","6":"product_cat-uncategorized","7":"product_cat-beauty","8":"product_cat-health","10":"first","11":"instock","12":"sale","13":"taxable","14":"shipping-taxable","15":"purchasable","16":"product-type-simple"},"acf":[],"_links":{"self":[{"href":"https:\/\/non-stopshop.eu\/sk\/wp-json\/wp\/v2\/product\/8331","targetHints":{"allow":["GET"]}}],"collection":[{"href":"https:\/\/non-stopshop.eu\/sk\/wp-json\/wp\/v2\/product"}],"about":[{"href":"https:\/\/non-stopshop.eu\/sk\/wp-json\/wp\/v2\/types\/product"}],"replies":[{"embeddable":true,"href":"https:\/\/non-stopshop.eu\/sk\/wp-json\/wp\/v2\/comments?post=8331"}],"wp:featuredmedia":[{"embeddable":true,"href":"https:\/\/non-stopshop.eu\/sk\/wp-json\/wp\/v2\/media\/8355"}],"wp:attachment":[{"href":"https:\/\/non-stopshop.eu\/sk\/wp-json\/wp\/v2\/media?parent=8331"}],"wp:term":[{"taxonomy":"product_brand","embeddable":true,"href":"https:\/\/non-stopshop.eu\/sk\/wp-json\/wp\/v2\/product_brand?post=8331"},{"taxonomy":"product_cat","embeddable":true,"href":"https:\/\/non-stopshop.eu\/sk\/wp-json\/wp\/v2\/product_cat?post=8331"},{"taxonomy":"product_tag","embeddable":true,"href":"https:\/\/non-stopshop.eu\/sk\/wp-json\/wp\/v2\/product_tag?post=8331"}],"curies":[{"name":"wp","href":"https:\/\/api.w.org\/{rel}","templated":true}]}}