{"id":8963,"date":"2023-09-21T09:25:55","date_gmt":"2023-09-21T07:25:55","guid":{"rendered":"https:\/\/non-stopshop.eu\/sk\/?post_type=product&#038;p=8963"},"modified":"2023-09-28T10:17:42","modified_gmt":"2023-09-28T08:17:42","slug":"zaujimava-rekvizita-na-dvor","status":"publish","type":"product","link":"https:\/\/non-stopshop.eu\/sk\/produkt\/zaujimava-rekvizita-na-dvor\/","title":{"rendered":"Zauj\u00edmav\u00e1 rekvizita na dvor"},"content":{"rendered":"","protected":false},"excerpt":{"rendered":"<p>Urobte na svojom dvore alebo dome t\u00fa najstra\u0161idelnej\u0161iu hallowensk\u00fa v\u00fdzdobu. Jedin\u010den\u00fd sp\u00f4sob zdobenia dvora!<\/p>\n","protected":false},"featured_media":8988,"comment_status":"closed","ping_status":"closed","template":"","meta":{"inline_featured_image":false},"product_brand":[],"product_cat":[15,35],"product_tag":[],"class_list":{"0":"post-8963","1":"product","2":"type-product","3":"status-publish","4":"has-post-thumbnail","6":"product_cat-uncategorized","7":"product_cat-fun","9":"first","10":"instock","11":"sale","12":"taxable","13":"shipping-taxable","14":"purchasable","15":"product-type-simple"},"acf":[],"_links":{"self":[{"href":"https:\/\/non-stopshop.eu\/sk\/wp-json\/wp\/v2\/product\/8963","targetHints":{"allow":["GET"]}}],"collection":[{"href":"https:\/\/non-stopshop.eu\/sk\/wp-json\/wp\/v2\/product"}],"about":[{"href":"https:\/\/non-stopshop.eu\/sk\/wp-json\/wp\/v2\/types\/product"}],"replies":[{"embeddable":true,"href":"https:\/\/non-stopshop.eu\/sk\/wp-json\/wp\/v2\/comments?post=8963"}],"wp:featuredmedia":[{"embeddable":true,"href":"https:\/\/non-stopshop.eu\/sk\/wp-json\/wp\/v2\/media\/8988"}],"wp:attachment":[{"href":"https:\/\/non-stopshop.eu\/sk\/wp-json\/wp\/v2\/media?parent=8963"}],"wp:term":[{"taxonomy":"product_brand","embeddable":true,"href":"https:\/\/non-stopshop.eu\/sk\/wp-json\/wp\/v2\/product_brand?post=8963"},{"taxonomy":"product_cat","embeddable":true,"href":"https:\/\/non-stopshop.eu\/sk\/wp-json\/wp\/v2\/product_cat?post=8963"},{"taxonomy":"product_tag","embeddable":true,"href":"https:\/\/non-stopshop.eu\/sk\/wp-json\/wp\/v2\/product_tag?post=8963"}],"curies":[{"name":"wp","href":"https:\/\/api.w.org\/{rel}","templated":true}]}}