{"id":9222,"date":"2023-11-15T11:06:12","date_gmt":"2023-11-15T10:06:12","guid":{"rendered":"https:\/\/non-stopshop.eu\/sk\/?post_type=product&#038;p=9222"},"modified":"2023-11-29T09:12:14","modified_gmt":"2023-11-29T08:12:14","slug":"kvalitna-pasca-na-zvierata","status":"publish","type":"product","link":"https:\/\/non-stopshop.eu\/sk\/produkt\/kvalitna-pasca-na-zvierata\/","title":{"rendered":"Kvalitn\u00e1 pasca na zvierat\u00e1"},"content":{"rendered":"","protected":false},"excerpt":{"rendered":"<p>Hum\u00e1nna pasca na zvierat\u00e1 \u0161peci\u00e1lne navrhnut\u00e1 na bezbolestn\u00e9 a \u013eahk\u00e9 odchytenie koristi.<\/p>\n","protected":false},"featured_media":9227,"comment_status":"closed","ping_status":"closed","template":"","meta":{"inline_featured_image":false},"product_brand":[],"product_cat":[15,27],"product_tag":[],"class_list":{"0":"post-9222","1":"product","2":"type-product","3":"status-publish","4":"has-post-thumbnail","6":"product_cat-uncategorized","7":"product_cat-home","9":"first","10":"instock","11":"sale","12":"taxable","13":"shipping-taxable","14":"purchasable","15":"product-type-simple"},"acf":[],"_links":{"self":[{"href":"https:\/\/non-stopshop.eu\/sk\/wp-json\/wp\/v2\/product\/9222","targetHints":{"allow":["GET"]}}],"collection":[{"href":"https:\/\/non-stopshop.eu\/sk\/wp-json\/wp\/v2\/product"}],"about":[{"href":"https:\/\/non-stopshop.eu\/sk\/wp-json\/wp\/v2\/types\/product"}],"replies":[{"embeddable":true,"href":"https:\/\/non-stopshop.eu\/sk\/wp-json\/wp\/v2\/comments?post=9222"}],"wp:featuredmedia":[{"embeddable":true,"href":"https:\/\/non-stopshop.eu\/sk\/wp-json\/wp\/v2\/media\/9227"}],"wp:attachment":[{"href":"https:\/\/non-stopshop.eu\/sk\/wp-json\/wp\/v2\/media?parent=9222"}],"wp:term":[{"taxonomy":"product_brand","embeddable":true,"href":"https:\/\/non-stopshop.eu\/sk\/wp-json\/wp\/v2\/product_brand?post=9222"},{"taxonomy":"product_cat","embeddable":true,"href":"https:\/\/non-stopshop.eu\/sk\/wp-json\/wp\/v2\/product_cat?post=9222"},{"taxonomy":"product_tag","embeddable":true,"href":"https:\/\/non-stopshop.eu\/sk\/wp-json\/wp\/v2\/product_tag?post=9222"}],"curies":[{"name":"wp","href":"https:\/\/api.w.org\/{rel}","templated":true}]}}