{"id":9383,"date":"2023-12-05T09:50:59","date_gmt":"2023-12-05T08:50:59","guid":{"rendered":"https:\/\/non-stopshop.eu\/sk\/?post_type=product&#038;p=9383"},"modified":"2023-12-05T12:07:14","modified_gmt":"2023-12-05T11:07:14","slug":"multifunkcne-cvicebne-zariadenie","status":"publish","type":"product","link":"https:\/\/non-stopshop.eu\/sk\/produkt\/multifunkcne-cvicebne-zariadenie\/","title":{"rendered":"Multifunk\u010dn\u00e9 cvi\u010debn\u00e9 zariadenie"},"content":{"rendered":"","protected":false},"excerpt":{"rendered":"<p>Ide\u00e1lne zariadenie na posil\u0148ovanie a nap\u00ednanie v\u0161etk\u00fdch svalov! Nap\u00ednajte a posil\u0148ujte chrb\u00e1t, ramen\u00e1, ruky, hrudn\u00edk, tricepsy a brucho vr\u00e1tane oh\u00fdba\u010dov bedra. Dosta\u0148te sa do top formy s jedn\u00fdm zariaden\u00edm!<\/p>\n","protected":false},"featured_media":9393,"comment_status":"closed","ping_status":"closed","template":"","meta":{"inline_featured_image":false},"product_brand":[],"product_cat":[15,28,26],"product_tag":[],"class_list":{"0":"post-9383","1":"product","2":"type-product","3":"status-publish","4":"has-post-thumbnail","6":"product_cat-uncategorized","7":"product_cat-beauty","8":"product_cat-health","10":"first","11":"instock","12":"sale","13":"taxable","14":"shipping-taxable","15":"purchasable","16":"product-type-simple"},"acf":[],"_links":{"self":[{"href":"https:\/\/non-stopshop.eu\/sk\/wp-json\/wp\/v2\/product\/9383","targetHints":{"allow":["GET"]}}],"collection":[{"href":"https:\/\/non-stopshop.eu\/sk\/wp-json\/wp\/v2\/product"}],"about":[{"href":"https:\/\/non-stopshop.eu\/sk\/wp-json\/wp\/v2\/types\/product"}],"replies":[{"embeddable":true,"href":"https:\/\/non-stopshop.eu\/sk\/wp-json\/wp\/v2\/comments?post=9383"}],"wp:featuredmedia":[{"embeddable":true,"href":"https:\/\/non-stopshop.eu\/sk\/wp-json\/wp\/v2\/media\/9393"}],"wp:attachment":[{"href":"https:\/\/non-stopshop.eu\/sk\/wp-json\/wp\/v2\/media?parent=9383"}],"wp:term":[{"taxonomy":"product_brand","embeddable":true,"href":"https:\/\/non-stopshop.eu\/sk\/wp-json\/wp\/v2\/product_brand?post=9383"},{"taxonomy":"product_cat","embeddable":true,"href":"https:\/\/non-stopshop.eu\/sk\/wp-json\/wp\/v2\/product_cat?post=9383"},{"taxonomy":"product_tag","embeddable":true,"href":"https:\/\/non-stopshop.eu\/sk\/wp-json\/wp\/v2\/product_tag?post=9383"}],"curies":[{"name":"wp","href":"https:\/\/api.w.org\/{rel}","templated":true}]}}