{"id":9446,"date":"2023-12-11T09:46:44","date_gmt":"2023-12-11T08:46:44","guid":{"rendered":"https:\/\/non-stopshop.eu\/sk\/?post_type=product&#038;p=9446"},"modified":"2023-12-11T12:35:40","modified_gmt":"2023-12-11T11:35:40","slug":"enzimaticky-odstranovac-skvrn","status":"publish","type":"product","link":"https:\/\/non-stopshop.eu\/sk\/produkt\/enzimaticky-odstranovac-skvrn\/","title":{"rendered":"Enzimatick\u00fd odstra\u0148ova\u010d \u0161kv\u0155n"},"content":{"rendered":"","protected":false},"excerpt":{"rendered":"<p>Zbavte sa v\u0161etk\u00fdch nepr\u00edjemn\u00fdch odoln\u00fdch \u0161kv\u0155n na oble\u010den\u00ed za p\u00e1r min\u00fat!<\/p>\n","protected":false},"featured_media":9453,"comment_status":"closed","ping_status":"closed","template":"","meta":{"inline_featured_image":false},"product_brand":[],"product_cat":[15,27],"product_tag":[],"class_list":{"0":"post-9446","1":"product","2":"type-product","3":"status-publish","4":"has-post-thumbnail","6":"product_cat-uncategorized","7":"product_cat-home","9":"first","10":"instock","11":"sale","12":"taxable","13":"shipping-taxable","14":"purchasable","15":"product-type-simple"},"acf":[],"_links":{"self":[{"href":"https:\/\/non-stopshop.eu\/sk\/wp-json\/wp\/v2\/product\/9446","targetHints":{"allow":["GET"]}}],"collection":[{"href":"https:\/\/non-stopshop.eu\/sk\/wp-json\/wp\/v2\/product"}],"about":[{"href":"https:\/\/non-stopshop.eu\/sk\/wp-json\/wp\/v2\/types\/product"}],"replies":[{"embeddable":true,"href":"https:\/\/non-stopshop.eu\/sk\/wp-json\/wp\/v2\/comments?post=9446"}],"wp:featuredmedia":[{"embeddable":true,"href":"https:\/\/non-stopshop.eu\/sk\/wp-json\/wp\/v2\/media\/9453"}],"wp:attachment":[{"href":"https:\/\/non-stopshop.eu\/sk\/wp-json\/wp\/v2\/media?parent=9446"}],"wp:term":[{"taxonomy":"product_brand","embeddable":true,"href":"https:\/\/non-stopshop.eu\/sk\/wp-json\/wp\/v2\/product_brand?post=9446"},{"taxonomy":"product_cat","embeddable":true,"href":"https:\/\/non-stopshop.eu\/sk\/wp-json\/wp\/v2\/product_cat?post=9446"},{"taxonomy":"product_tag","embeddable":true,"href":"https:\/\/non-stopshop.eu\/sk\/wp-json\/wp\/v2\/product_tag?post=9446"}],"curies":[{"name":"wp","href":"https:\/\/api.w.org\/{rel}","templated":true}]}}